{"id":5792,"date":"2024-07-30T18:22:45","date_gmt":"2024-07-30T22:22:45","guid":{"rendered":"https:\/\/alfiniti.com\/?page_id=5792"},"modified":"2026-03-03T08:20:00","modified_gmt":"2026-03-03T13:20:00","slug":"aluminum-gauge-chart","status":"publish","type":"page","link":"https:\/\/alfiniti.com\/fr\/aluminum-gauge-chart\/","title":{"rendered":"Tableau des \u00e9paisseurs d\u2019aluminium par calibre"},"content":{"rendered":"<div class=\"gb-container gb-container-b3f77629\">\n<div class=\"gb-grid-wrapper gb-grid-wrapper-841ff0af\">\n<div class=\"gb-grid-column gb-grid-column-1cfac482\"><div class=\"gb-container gb-container-1cfac482\">\n\n<p>Ce tableau fournit des informations d\u00e9taill\u00e9es sur l'\u00e9paisseur des feuilles d'aluminium, ce qui en fait une ressource pr\u00e9cieuse pour les fabricants, ing\u00e9nieurs et autres professionnels travaillant avec l'aluminium. Utilisez ce tableau pour choisir le calibre appropri\u00e9 pour vos projets, garantissant ainsi pr\u00e9cision et coh\u00e9rence dans vos mat\u00e9riaux.<\/p>\n\n\n\n<p class=\" translation-block\">Alfiniti, Inc. est le plus grand  <a href=\"\/aluminum-supplier-manufacturer\/\" target=\"_self\">fabricant d\u2019aluminium en Am\u00e9rique du Nord.<\/a><\/p>\n\n\n<div class=\"gb-grid-wrapper gb-grid-wrapper-22040357 aluminum-gauge-chart anchor-menu\">\n<div class=\"gb-grid-column gb-grid-column-7f73660e\"><div class=\"gb-container gb-container-7f73660e\">\n\n<a class=\"gb-button gb-button-9985191f gb-button-text\" href=\"#common-uses\">Aller \u00e0 Usage Commun<\/a>\n\n<\/div><\/div>\n\n<div class=\"gb-grid-column gb-grid-column-d2e23abc\"><div class=\"gb-container gb-container-d2e23abc\">\n\n<a class=\"gb-button gb-button-697d20de gb-button-text\" href=\"#quick-tips\">Aller conseils rapide<\/a>\n\n<\/div><\/div>\n\n<div class=\"gb-grid-column gb-grid-column-6b4c317d\"><div class=\"gb-container gb-container-6b4c317d\">\n\n<a class=\"gb-button gb-button-a8412980 gb-button-text\" href=\"#aluminum-gauge-chart-faq\">Aller \u00e0 la page de Question<\/a>\n\n<\/div><\/div>\n<\/div>\n<\/div><\/div>\n\n<div class=\"gb-grid-column gb-grid-column-c2c61661\"><div class=\"gb-container gb-container-c2c61661 contact-box-container\">\n<div class=\"gb-container gb-container-62d5999d\">\n<form action=\"https:\/\/alfiniti.com\/fr\/wp-json\/ws-form\/v1\/submit\" class=\"wsf-form wsf-form-canvas\" id=\"ws-form-1\" data-id=\"13\" method=\"POST\" data-instance-id=\"1\" data-wsf-style-id=\"1\" data-trp-original-action=\"https:\/\/alfiniti.com\/fr\/wp-json\/ws-form\/v1\/submit\"><input type=\"hidden\" name=\"trp-form-language\" value=\"fr\"\/><\/form>\n\n<\/div>\n\n<div class=\"gb-container gb-container-22963dcb\">\n<div class=\"gb-container gb-container-9df871a9\"><div class=\"gb-inside-container\">\n\n<h5 class=\"gb-headline gb-headline-21511560 gb-headline-text\">Speak with an expert!<\/h5>\n\n<\/div><\/div>\n\n<div class=\"gb-container gb-container-c49a8c51 custom-nav\"><div class=\"gb-inside-container\">\n<nav class=\"secondary-navigation\"><div class=\"inside-navigation grid-container grid-parent\"><div class=\"main nav\"><ul class=\"secondary-menu sf-menu\"><li id=\"menu-item-1878\" class=\"menu-item menu-item-type-custom menu-item-object-custom menu-item-has-children menu-item-1878\"><a><i class=\"fas fa-phone\"><\/i><\/a>\n<ul class=\"sub-menu\">\n\t<li id=\"menu-item-1879\" class=\"menu-item menu-item-type-custom menu-item-object-custom menu-item-1879\"><a href=\"tel:+12523585811\">U.S. (252) 358-5811<\/a><\/li>\n\t<li id=\"menu-item-1880\" class=\"menu-item menu-item-type-custom menu-item-object-custom menu-item-1880\"><a href=\"tel:+14186962545\">Canada (418) 696-2545<\/a><\/li>\n<\/ul>\n<\/li>\n<li id=\"menu-item-1881\" class=\"menu-item menu-item-type-custom menu-item-object-custom menu-item-1881\"><a href=\"mailto:info@alfiniti.com?Subject=Website%20Inquiry\"><i class=\"fas fa-paper-plane\"><\/i><\/a><\/li>\n<\/ul><\/div><\/div><\/nav>\n\n<\/div><\/div>\n<\/div>\n<\/div><\/div>\n<\/div>\n<\/div>\n\n\n<div style=\"height:24px\" aria-hidden=\"true\" class=\"wp-block-spacer\"><\/div>\n\n\n\n<figure class=\"wp-block-table\"><table class=\"has-fixed-layout\"><tbody><tr><td><strong>Calibration<\/strong><\/td><td><strong>\u00c9paisseur standard de l'acier (Pouces)<\/strong><\/td><td><strong>\u00c9paisseur de l'acier galvanis\u00e9 (pouces)<\/strong><\/td><td><strong>\u00c9paisseur de l'aluminium (pouces)<\/strong><\/td><\/tr><tr><td>3<\/td><td>0.2391<\/td><td>&nbsp;<\/td><td>0.2294<\/td><\/tr><tr><td>4<\/td><td>0.2242<\/td><td>&nbsp;<\/td><td>0.2043<\/td><\/tr><tr><td>5<\/td><td>0.2092<\/td><td>&nbsp;<\/td><td>0.1819<\/td><\/tr><tr><td>6<\/td><td>0.1943<\/td><td>&nbsp;<\/td><td>0.162<\/td><\/tr><tr><td>7<\/td><td>0.1793<\/td><td>&nbsp;<\/td><td>0.1443<\/td><\/tr><tr><td>8<\/td><td>0.1644<\/td><td>&nbsp;<\/td><td>0.1285<\/td><\/tr><tr><td>9<\/td><td>0.1495<\/td><td>0.1532<\/td><td>0.1144<\/td><\/tr><tr><td>10<\/td><td>0.1345<\/td><td>0.1382<\/td><td>0.1019<\/td><\/tr><tr><td>11<\/td><td>0.1196<\/td><td>0.1233<\/td><td>0.0907<\/td><\/tr><tr><td>12<\/td><td>0.1046<\/td><td>0.1084<\/td><td>0.0808<\/td><\/tr><tr><td>13<\/td><td>0.0897<\/td><td>0.0934<\/td><td>0.072<\/td><\/tr><tr><td>14<\/td><td>0.0747<\/td><td>0.0785<\/td><td>0.0641<\/td><\/tr><tr><td>15<\/td><td>0.0673<\/td><td>0.071<\/td><td>0.0571<\/td><\/tr><tr><td>16<\/td><td>0.0598<\/td><td>0.0635<\/td><td>0.0508<\/td><\/tr><tr><td>17<\/td><td>0.0538<\/td><td>0.0575<\/td><td>0.0453<\/td><\/tr><tr><td>18<\/td><td>0.0478<\/td><td>0.0516<\/td><td>0.0403<\/td><\/tr><tr><td>19<\/td><td>0.0418<\/td><td>0.0456<\/td><td>0.0359<\/td><\/tr><tr><td>20<\/td><td>0.0359<\/td><td>0.0396<\/td><td>0.032<\/td><\/tr><tr><td>21<\/td><td>0.0329<\/td><td>0.0366<\/td><td>0.0285<\/td><\/tr><tr><td>22<\/td><td>0.0299<\/td><td>0.0336<\/td><td>0.0253<\/td><\/tr><tr><td>23<\/td><td>0.0269<\/td><td>0.0306<\/td><td>0.0226<\/td><\/tr><tr><td>24<\/td><td>0.0239<\/td><td>0.0276<\/td><td>0.0201<\/td><\/tr><tr><td>25<\/td><td>0.0209<\/td><td>0.0247<\/td><td>0.0179<\/td><\/tr><tr><td>26<\/td><td>0.0179<\/td><td>0.0217<\/td><td>0.0159<\/td><\/tr><tr><td>27<\/td><td>0.0164<\/td><td>0.0202<\/td><td>0.0142<\/td><\/tr><tr><td>28<\/td><td>0.0149<\/td><td>0.0187<\/td><td>0.0126<\/td><\/tr><tr><td>29<\/td><td>0.0135<\/td><td>0.0172<\/td><td>0.0113<\/td><\/tr><tr><td>30<\/td><td>0.012<\/td><td>0.0157<\/td><td>0.01<\/td><\/tr><tr><td>31<\/td><td>0.0105<\/td><td>0.0142<\/td><td>0.0089<\/td><\/tr><tr><td>32<\/td><td>0.0097<\/td><td>0.0134<\/td><td>0.008<\/td><\/tr><tr><td>33<\/td><td>0.009<\/td><td>&nbsp;<\/td><td>0.0071<\/td><\/tr><tr><td>34<\/td><td>0.0082<\/td><td>&nbsp;<\/td><td>0.0063<\/td><\/tr><tr><td>35<\/td><td>0.0075<\/td><td>&nbsp;<\/td><td>0.0056<\/td><\/tr><tr><td>36<\/td><td>0.0067<\/td><td>&nbsp;<\/td><\/tr><\/tbody><\/table><\/figure>\n\n\n\n<h2 class=\"gb-headline gb-headline-0ddbe61a gb-headline-text\" id=\"common-uses\">Utilisations courantes du tableau des \u00e9paisseurs d\u2019aluminium par calibre :<\/h2>\n\n\n\n<ul class=\"wp-block-list\">\n<li>V\u00e9rifier l'\u00e9paisseur des feuilles d'aluminium pour r\u00e9pondre aux normes de l'industrie.<\/li>\n\n\n\n<li>S\u00e9lectionner le calibre appropri\u00e9 pour diverses applications.<\/li>\n\n\n\n<li>Optimiser les processus de fabrication en fonction des sp\u00e9cifications des mat\u00e9riaux.<\/li>\n\n\n\n<li>Estimer avec pr\u00e9cision les co\u00fbts des mat\u00e9riaux pour la budg\u00e9tisation.<\/li>\n\n\n\n<li>Garantir la qualit\u00e9 des produits gr\u00e2ce \u00e0 des mesures pr\u00e9cises de l'\u00e9paisseur.<\/li>\n\n\n\n<li>Aider les sp\u00e9cialistes des achats \u00e0 aligner les sp\u00e9cifications des fournisseurs.<\/li>\n\n\n\n<li>Soutenir les fabricants dans la d\u00e9coupe, la mise en forme et l'assemblage des pi\u00e8ces en aluminium.<\/li>\n<\/ul>\n\n\n\n<hr class=\"wp-block-separator has-alpha-channel-opacity\"\/>\n\n\n\n<h2 class=\"gb-headline gb-headline-6ecdcb9e gb-headline-text\" id=\"quick-tips\">Conseils rapides sur la fa\u00e7on d\u2019utiliser le tableau des \u00e9paisseurs d\u2019aluminium par calibre :<\/h2>\n\n\n<div class=\"gb-container gb-container-fb4dcda6\">\n<div class=\"gb-grid-wrapper gb-grid-wrapper-f1e64250\">\n<div class=\"gb-grid-column gb-grid-column-382b00e2\"><div class=\"gb-container gb-container-382b00e2\">\n\n<ul class=\"wp-block-list\">\n<li><strong>Identifiez vos besoin:<\/strong>D\u00e9terminez l'\u00e9paisseur requise pour votre projet avant de consulter le tableau<\/li>\n\n\n\n<li><strong>Correspondre au sp\u00e9cifications:<\/strong>Trouver le calibre exact qui correspond \u00e0 l'\u00e9paisseur d'aluminium souhait\u00e9e<\/li>\n\n\n\n<li><strong>Comparaison de Mat\u00e9riel:<\/strong>Notez que le tableau inclut les \u00e9paisseurs pour l'acier standard et l'acier galvanis\u00e9 \u00e0 des fins de comparaison.<\/li>\n\n\n\n<li><strong>V\u00e9rifiez les mesures \u00e0 deux reprises:<\/strong>Assurez-vous que vos mesures correspondent au tableau afin d'\u00e9viter des erreurs dans le choix des mat\u00e9riaux.<\/li>\n\n\n\n<li><strong>Consid\u00e9rer le domaine d'application:<\/strong>Diff\u00e9rentes applications peuvent n\u00e9cessiter des calibres diff\u00e9rents ; assurez-vous que l'\u00e9paisseur choisie r\u00e9pond aux besoins sp\u00e9cifiques de votre projet.<\/li>\n\n\n\n<li><strong>Consulter les fournisseurs<\/strong>Utilisez le tableau pour v\u00e9rifier que l'aluminium fourni correspond au sp\u00e9cifications requises<\/li>\n<\/ul>\n\n<\/div><\/div>\n\n<div class=\"gb-grid-column gb-grid-column-0f623cd5\"><div class=\"gb-container gb-container-0f623cd5\">\n\n<h3 class=\"gb-headline gb-headline-fb473d9d gb-headline-text\">Besoin de conna\u00eetre les capacit\u00e9s de pliage de l\u2019aluminium ?<\/h3>\n\n\n\n<p class=\"gb-headline gb-headline-288b275a gb-headline-text translation-block\">Consultez notre <strong><a href=\"\/best-aluminum-alloys-for-bending#calculator\" target=\"_self\">calculateur de pliabilit\u00e9 de l\u2019aluminium<\/a><\/strong> et notre liste des<strong><a href=\"\/best-aluminum-alloys-for-bending\/\" target=\"_self\">meilleurs alliages pour le pliage.<\/a><\/strong><\/p>\n\n<\/div><\/div>\n<\/div>\n<\/div>\n\n\n<hr class=\"wp-block-separator has-alpha-channel-opacity\"\/>\n\n\n<div class=\"gb-container gb-container-7d29b119\">\n<div class=\"gb-container gb-container-79992451\">\n\n<h3 class=\"gb-headline gb-headline-88510a59 gb-headline-text\">Need to know about aluminum alloy products?<\/h3>\n\n\n\n<p class=\"gb-headline gb-headline-5b02b277 gb-headline-text\">Check out our <strong><a href=\"\/alloy\/mill-specifications-by-aluminum-alloy\/\">Aluminum Mill Specifications by Alloys<\/a><\/strong> page for a list of all of the alloy products and their key characteristics.<\/p>\n\n<\/div>\n<\/div>\n\n\n<hr class=\"wp-block-separator has-alpha-channel-opacity\"\/>\n\n\n\n<h2 class=\"gb-headline gb-headline-545c2220 gb-headline-text\" id=\"aluminum-gauge-chart-faq\">FAQ concernant le tableau des \u00e9paisseurs d\u2019aluminium par calibre<\/h2>\n\n\n<div class=\"gb-container gb-container-ed64759e faq-container\" id=\"faq-1\"><div class=\"gb-inside-container\">\n<div class=\"gb-button-wrapper gb-button-wrapper-18b2a2a3 accordion\">\n\n<span class=\"gb-button gb-button-ed0620f1\"><span class=\"gb-button-text\">Comment d\u00e9terminer quel calibre est appropri\u00e9 pour mon application sp\u00e9cifique ?<\/span><span class=\"gb-icon\"><svg aria-hidden=\"true\" role=\"img\" height=\"1em\" width=\"1em\" viewbox=\"0 0 448 512\" xmlns=\"http:\/\/www.w3.org\/2000\/svg\"><path fill=\"currentColor\" d=\"M416 208H272V64c0-17.67-14.33-32-32-32h-32c-17.67 0-32 14.33-32 32v144H32c-17.67 0-32 14.33-32 32v32c0 17.67 14.33 32 32 32h144v144c0 17.67 14.33 32 32 32h32c17.67 0 32-14.33 32-32V304h144c17.67 0 32-14.33 32-32v-32c0-17.67-14.33-32-32-32z\"><\/path><\/svg><\/span><\/span>\n\n<\/div>\n\n<div class=\"gb-container gb-container-4982218d panel\"><div class=\"gb-inside-container\">\n\n<p>To determine the appropriate gauge, consider the requirements of your project, such as strength, weight, and durability. Refer to the chart to match these requirements with the corresponding aluminum thickness.<\/p>\n\n<\/div><\/div>\n<\/div><\/div>\n\n<div class=\"gb-container gb-container-82be2146 faq-container\" id=\"faq-1\"><div class=\"gb-inside-container\">\n<div class=\"gb-button-wrapper gb-button-wrapper-5b80a02d accordion\">\n\n<span class=\"gb-button gb-button-f41a55af\"><span class=\"gb-button-text\">Quelles sont les diff\u00e9rences entre les \u00e9paisseurs de l'acier standard, de l'acier galvanis\u00e9 et de l'aluminium dans le tableau ?<\/span><span class=\"gb-icon\"><svg aria-hidden=\"true\" role=\"img\" height=\"1em\" width=\"1em\" viewbox=\"0 0 448 512\" xmlns=\"http:\/\/www.w3.org\/2000\/svg\"><path fill=\"currentColor\" d=\"M416 208H272V64c0-17.67-14.33-32-32-32h-32c-17.67 0-32 14.33-32 32v144H32c-17.67 0-32 14.33-32 32v32c0 17.67 14.33 32 32 32h144v144c0 17.67 14.33 32 32 32h32c17.67 0 32-14.33 32-32V304h144c17.67 0 32-14.33 32-32v-32c0-17.67-14.33-32-32-32z\"><\/path><\/svg><\/span><\/span>\n\n<\/div>\n\n<div class=\"gb-container gb-container-f08a0db1 panel\"><div class=\"gb-inside-container\">\n\n<p>The chart provides thickness measurements for standard steel, galvanized steel, and aluminum. Standard steel and galvanized steel are listed for comparison, highlighting that different materials have different thicknesses even if they share the same gauge number.<\/p>\n\n<\/div><\/div>\n<\/div><\/div>\n\n<div class=\"gb-container gb-container-588865e2 faq-container\" id=\"faq-1\"><div class=\"gb-inside-container\">\n<div class=\"gb-button-wrapper gb-button-wrapper-dfb380ce accordion\">\n\n<span class=\"gb-button gb-button-75be89f8\"><span class=\"gb-button-text\">Quelle est la pr\u00e9cision des mesures d'\u00e9paisseur fournies dans le tableau ?<\/span><span class=\"gb-icon\"><svg aria-hidden=\"true\" role=\"img\" height=\"1em\" width=\"1em\" viewbox=\"0 0 448 512\" xmlns=\"http:\/\/www.w3.org\/2000\/svg\"><path fill=\"currentColor\" d=\"M416 208H272V64c0-17.67-14.33-32-32-32h-32c-17.67 0-32 14.33-32 32v144H32c-17.67 0-32 14.33-32 32v32c0 17.67 14.33 32 32 32h144v144c0 17.67 14.33 32 32 32h32c17.67 0 32-14.33 32-32V304h144c17.67 0 32-14.33 32-32v-32c0-17.67-14.33-32-32-32z\"><\/path><\/svg><\/span><\/span>\n\n<\/div>\n\n<div class=\"gb-container gb-container-08128f2a panel\"><div class=\"gb-inside-container\">\n\n<p>The thickness measurements are based on industry standards and are highly accurate. However, it&#8217;s always good practice to double-check measurements with precise tools or consult with suppliers to ensure exact specifications.<\/p>\n\n<\/div><\/div>\n<\/div><\/div>\n\n<div class=\"gb-container gb-container-6598960d faq-container\" id=\"faq-1\"><div class=\"gb-inside-container\">\n<div class=\"gb-button-wrapper gb-button-wrapper-a0af8de3 accordion\">\n\n<span class=\"gb-button gb-button-d5241051\"><span class=\"gb-button-text\">Puis-je utiliser ce tableau pour d'autres m\u00e9taux, ou est-il sp\u00e9cifique \u00e0 l'aluminium et \u00e0 l'acier ?<\/span><span class=\"gb-icon\"><svg aria-hidden=\"true\" role=\"img\" height=\"1em\" width=\"1em\" viewbox=\"0 0 448 512\" xmlns=\"http:\/\/www.w3.org\/2000\/svg\"><path fill=\"currentColor\" d=\"M416 208H272V64c0-17.67-14.33-32-32-32h-32c-17.67 0-32 14.33-32 32v144H32c-17.67 0-32 14.33-32 32v32c0 17.67 14.33 32 32 32h144v144c0 17.67 14.33 32 32 32h32c17.67 0 32-14.33 32-32V304h144c17.67 0 32-14.33 32-32v-32c0-17.67-14.33-32-32-32z\"><\/path><\/svg><\/span><\/span>\n\n<\/div>\n\n<div class=\"gb-container gb-container-27523c5f panel\"><div class=\"gb-inside-container\">\n\n<p>This chart is specific to aluminum and steel. For other metals, you will need to refer to charts designed specifically for those materials as their thickness measurements can vary.<\/p>\n\n<\/div><\/div>\n<\/div><\/div>\n\n<div class=\"gb-container gb-container-8fc17704 faq-container\" id=\"faq-1\"><div class=\"gb-inside-container\">\n<div class=\"gb-button-wrapper gb-button-wrapper-01198c0e accordion\">\n\n<span class=\"gb-button gb-button-63afebe2\"><span class=\"gb-button-text\">Que dois-je faire si l'\u00e9paisseur d'aluminium dont j'ai besoin n'est pas r\u00e9pertori\u00e9e dans le tableau ?<\/span><span class=\"gb-icon\"><svg aria-hidden=\"true\" role=\"img\" height=\"1em\" width=\"1em\" viewbox=\"0 0 448 512\" xmlns=\"http:\/\/www.w3.org\/2000\/svg\"><path fill=\"currentColor\" d=\"M416 208H272V64c0-17.67-14.33-32-32-32h-32c-17.67 0-32 14.33-32 32v144H32c-17.67 0-32 14.33-32 32v32c0 17.67 14.33 32 32 32h144v144c0 17.67 14.33 32 32 32h32c17.67 0 32-14.33 32-32V304h144c17.67 0 32-14.33 32-32v-32c0-17.67-14.33-32-32-32z\"><\/path><\/svg><\/span><\/span>\n\n<\/div>\n\n<div class=\"gb-container gb-container-499dffc3 panel\"><div class=\"gb-inside-container\">\n\n<p>If the required aluminum thickness is not listed, consult with your supplier or manufacturer. They may be able to provide custom thicknesses or offer alternative solutions that meet your project needs.<\/p>\n\n<\/div><\/div>\n<\/div><\/div>","protected":false},"excerpt":{"rendered":"<p>Gauge (ga) Standard Steel Thickness (inches) Galvanized Steel Thickness (inches) Aluminum Thickness (inches) 3 0.2391 &nbsp; 0.2294 4 0.2242 &nbsp; 0.2043 5 0.2092 &nbsp; 0.1819 6 0.1943 &nbsp; 0.162 7 0.1793 &nbsp; 0.1443 8 0.1644 &nbsp; 0.1285 9 0.1495 0.1532 0.1144 10 0.1345 0.1382 0.1019 11 0.1196 0.1233 0.0907 12 0.1046 0.1084 0.0808 13 0.0897 &#8230; <a title=\"Tableau des \u00e9paisseurs d\u2019aluminium par calibre\" class=\"read-more\" href=\"https:\/\/alfiniti.com\/fr\/aluminum-gauge-chart\/\" aria-label=\"Read more about Aluminum Gauge Thickness Chart\">Read more<\/a><\/p>","protected":false},"author":1,"featured_media":0,"parent":0,"menu_order":0,"comment_status":"closed","ping_status":"closed","template":"","meta":{"_acf_changed":false,"_seopress_robots_primary_cat":"","_seopress_titles_title":"Aluminum Gauge Thickness Chart %%sep%% North America's Largest Aluminum Manufacturer","_seopress_titles_desc":"Chart Usage: 1. Verify aluminum sheet thickness to meet industry standards, 2. Accurately estimate material costs for budgeting, 3. Match supplier specifications","_seopress_robots_index":"","inline_featured_image":false,"footnotes":""},"class_list":["post-5792","page","type-page","status-publish"],"acf":[],"_links":{"self":[{"href":"https:\/\/alfiniti.com\/fr\/wp-json\/wp\/v2\/pages\/5792","targetHints":{"allow":["GET"]}}],"collection":[{"href":"https:\/\/alfiniti.com\/fr\/wp-json\/wp\/v2\/pages"}],"about":[{"href":"https:\/\/alfiniti.com\/fr\/wp-json\/wp\/v2\/types\/page"}],"author":[{"embeddable":true,"href":"https:\/\/alfiniti.com\/fr\/wp-json\/wp\/v2\/users\/1"}],"replies":[{"embeddable":true,"href":"https:\/\/alfiniti.com\/fr\/wp-json\/wp\/v2\/comments?post=5792"}],"version-history":[{"count":29,"href":"https:\/\/alfiniti.com\/fr\/wp-json\/wp\/v2\/pages\/5792\/revisions"}],"predecessor-version":[{"id":6627,"href":"https:\/\/alfiniti.com\/fr\/wp-json\/wp\/v2\/pages\/5792\/revisions\/6627"}],"wp:attachment":[{"href":"https:\/\/alfiniti.com\/fr\/wp-json\/wp\/v2\/media?parent=5792"}],"curies":[{"name":"wp","href":"https:\/\/api.w.org\/{rel}","templated":true}]}}