{"id":45,"date":"2021-08-14T19:37:31","date_gmt":"2021-08-14T23:37:31","guid":{"rendered":"https:\/\/alfiniti.com\/?page_id=45"},"modified":"2023-09-27T19:08:28","modified_gmt":"2023-09-27T23:08:28","slug":"faq","status":"publish","type":"page","link":"https:\/\/alfiniti.com\/fr\/faq\/","title":{"rendered":"FAQ"},"content":{"rendered":"<div class=\"gb-container gb-container-404d2f48 inside-hero\"><div class=\"gb-inside-container\">\n<div class=\"gb-grid-wrapper gb-grid-wrapper-4cffa61a\">\n<div class=\"gb-grid-column gb-grid-column-14d9cd31\"><div class=\"gb-container gb-container-14d9cd31\"><div class=\"gb-inside-container\">\n\n<h1 class=\"gb-headline gb-headline-7bca7359 gb-headline-text\">FAQ<\/h1>\n\n\n\n<h4 class=\"wp-block-heading has-white-color has-text-color\" id=\"discover-infinite-possibilities\">D\u00e9couvrez une <span>infinit\u00e9<\/span> de r\u00e9ponses<\/h4>\n\n\n\n<p class=\"gb-headline gb-headline-aaee0884 gb-headline-text\">Vous trouverez ici plusieurs des questions les plus fr\u00e9quemment pos\u00e9es au sujet de nos produits et services<\/p>\n\n\n\n<p class=\"gb-headline gb-headline-a479cd6e gb-headline-text\">N'h\u00e9sitez pas \u00e0 nous contacter si vous avez d'autres questions <\/p>\n\n\n<div class=\"gb-container gb-container-718f8a64 contact-box-container\"><div class=\"gb-inside-container\">\n<div class=\"gb-grid-wrapper gb-grid-wrapper-5fbb044c\">\n<div class=\"gb-grid-column gb-grid-column-9df871a9\"><div class=\"gb-container gb-container-9df871a9\"><div class=\"gb-inside-container\">\n\n<h5 class=\"gb-headline gb-headline-21511560 gb-headline-text\">Pour toute question, communiquez avec nous<\/h5>\n\n<\/div><\/div><\/div>\n\n<div class=\"gb-grid-column gb-grid-column-c49a8c51\"><div class=\"gb-container gb-container-c49a8c51 custom-nav\"><div class=\"gb-inside-container\">\n<nav class=\"secondary-navigation\"><div class=\"inside-navigation grid-container grid-parent\"><div class=\"main nav\"><ul class=\"secondary-menu sf-menu\"><li id=\"menu-item-1878\" class=\"menu-item menu-item-type-custom menu-item-object-custom menu-item-has-children menu-item-1878\"><a><i class=\"fas fa-phone\"><\/i><\/a>\n<ul class=\"sub-menu\">\n\t<li id=\"menu-item-1879\" class=\"menu-item menu-item-type-custom menu-item-object-custom menu-item-1879\"><a href=\"tel:+12523585811\">U.S. (252) 358-5811<\/a><\/li>\n\t<li id=\"menu-item-1880\" class=\"menu-item menu-item-type-custom menu-item-object-custom menu-item-1880\"><a href=\"tel:+14186962545\">Canada (418) 696-2545<\/a><\/li>\n<\/ul>\n<\/li>\n<li id=\"menu-item-1881\" class=\"menu-item menu-item-type-custom menu-item-object-custom menu-item-1881\"><a href=\"mailto:info@alfiniti.com?Subject=Website%20Inquiry\"><i class=\"fas fa-paper-plane\"><\/i><\/a><\/li>\n<\/ul><\/div><\/div><\/nav>\n\n<\/div><\/div><\/div>\n<\/div>\n<\/div><\/div>\n<\/div><\/div><\/div>\n\n<div class=\"gb-grid-column gb-grid-column-6205fa26\"><div class=\"gb-container gb-container-6205fa26 internal-link-menu\"><div class=\"gb-inside-container\">\n\n<h6 class=\"gb-headline gb-headline-da251b79\"><span class=\"gb-icon\"><svg viewbox=\"0 0 15 15\" fill=\"none\" xmlns=\"http:\/\/www.w3.org\/2000\/svg\" width=\"30\" height=\"30\"><path fill-rule=\"evenodd\" clip-rule=\"evenodd\" d=\"M8.5 4.793L11.207 7.5 8.5 10.207 7.793 9.5l1.5-1.5H4V7h5.293l-1.5-1.5.707-.707z\" fill=\"currentColor\"><\/path><\/svg><\/span><span class=\"gb-headline-text\"><a href=\"#faq-1\">Produits et Services<\/a><\/span><\/h6>\n\n\n\n<h6 class=\"gb-headline gb-headline-dc5b8295\"><span class=\"gb-icon\"><svg viewbox=\"0 0 15 15\" fill=\"none\" xmlns=\"http:\/\/www.w3.org\/2000\/svg\" width=\"30\" height=\"30\"><path fill-rule=\"evenodd\" clip-rule=\"evenodd\" d=\"M8.5 4.793L11.207 7.5 8.5 10.207 7.793 9.5l1.5-1.5H4V7h5.293l-1.5-1.5.707-.707z\" fill=\"currentColor\"><\/path><\/svg><\/span><span class=\"gb-headline-text\"><a href=\"#faq-2\">Tube \u00c9tir\u00e9 \u00e0 froid<\/a><\/span><\/h6>\n\n\n\n<h6 class=\"gb-headline gb-headline-9c5bae94\"><span class=\"gb-icon\"><svg viewbox=\"0 0 15 15\" fill=\"none\" xmlns=\"http:\/\/www.w3.org\/2000\/svg\" width=\"30\" height=\"30\"><path fill-rule=\"evenodd\" clip-rule=\"evenodd\" d=\"M8.5 4.793L11.207 7.5 8.5 10.207 7.793 9.5l1.5-1.5H4V7h5.293l-1.5-1.5.707-.707z\" fill=\"currentColor\"><\/path><\/svg><\/span><span class=\"gb-headline-text\"><a href=\"#faq-3\">B\u00e9n\u00e9fice du tube \u00c9tir\u00e9<\/a><\/span><\/h6>\n\n\n\n<h6 class=\"gb-headline gb-headline-705e92c3\"><span class=\"gb-icon\"><svg viewbox=\"0 0 15 15\" fill=\"none\" xmlns=\"http:\/\/www.w3.org\/2000\/svg\" width=\"30\" height=\"30\"><path fill-rule=\"evenodd\" clip-rule=\"evenodd\" d=\"M8.5 4.793L11.207 7.5 8.5 10.207 7.793 9.5l1.5-1.5H4V7h5.293l-1.5-1.5.707-.707z\" fill=\"currentColor\"><\/path><\/svg><\/span><span class=\"gb-headline-text\"><a href=\"#faq-4\">Porthole &amp; Seamless<\/a><\/span><\/h6>\n\n\n\n<h6 class=\"gb-headline gb-headline-daa9aad0\"><span class=\"gb-icon\"><svg viewbox=\"0 0 15 15\" fill=\"none\" xmlns=\"http:\/\/www.w3.org\/2000\/svg\" width=\"30\" height=\"30\"><path fill-rule=\"evenodd\" clip-rule=\"evenodd\" d=\"M8.5 4.793L11.207 7.5 8.5 10.207 7.793 9.5l1.5-1.5H4V7h5.293l-1.5-1.5.707-.707z\" fill=\"currentColor\"><\/path><\/svg><\/span><span class=\"gb-headline-text\"><a href=\"#faq-5\">Type de fabrication<\/a><\/span><\/h6>\n\n\n\n<h6 class=\"gb-headline gb-headline-1806be02\"><span class=\"gb-icon\"><svg viewbox=\"0 0 15 15\" fill=\"none\" xmlns=\"http:\/\/www.w3.org\/2000\/svg\" width=\"30\" height=\"30\"><path fill-rule=\"evenodd\" clip-rule=\"evenodd\" d=\"M8.5 4.793L11.207 7.5 8.5 10.207 7.793 9.5l1.5-1.5H4V7h5.293l-1.5-1.5.707-.707z\" fill=\"currentColor\"><\/path><\/svg><\/span><span class=\"gb-headline-text\"><a href=\"#faq-6\">Longueurs<\/a><\/span><\/h6>\n\n\n\n<h6 class=\"gb-headline gb-headline-4397e7ab\"><span class=\"gb-icon\"><svg viewbox=\"0 0 15 15\" fill=\"none\" xmlns=\"http:\/\/www.w3.org\/2000\/svg\" width=\"30\" height=\"30\"><path fill-rule=\"evenodd\" clip-rule=\"evenodd\" d=\"M8.5 4.793L11.207 7.5 8.5 10.207 7.793 9.5l1.5-1.5H4V7h5.293l-1.5-1.5.707-.707z\" fill=\"currentColor\"><\/path><\/svg><\/span><span class=\"gb-headline-text\"><a href=\"#faq-7\">\u00c9chelle de grandeur<\/a><\/span><\/h6>\n\n\n\n<h6 class=\"gb-headline gb-headline-ca76da04\"><span class=\"gb-icon\"><svg viewbox=\"0 0 15 15\" fill=\"none\" xmlns=\"http:\/\/www.w3.org\/2000\/svg\" width=\"30\" height=\"30\"><path fill-rule=\"evenodd\" clip-rule=\"evenodd\" d=\"M8.5 4.793L11.207 7.5 8.5 10.207 7.793 9.5l1.5-1.5H4V7h5.293l-1.5-1.5.707-.707z\" fill=\"currentColor\"><\/path><\/svg><\/span><span class=\"gb-headline-text\"><a href=\"#faq-8\">Alliage<\/a><\/span><\/h6>\n\n\n\n<p><\/p>\n\n<\/div><\/div><\/div>\n<\/div>\n<\/div><div class=\"gb-shapes\"><div class=\"gb-shape gb-shape-1\"><svg xmlns=\"http:\/\/www.w3.org\/2000\/svg\" viewbox=\"0 0 1200 194.3\" preserveaspectratio=\"none\"><path d=\"M1200 133.3l-50 8.9c-50 8.6-150 26.9-250 31.1-100 4.2-200-4.2-300-26.7S400 89.2 300 62.2C200 35.8 100 17.5 50 8.9L0 0v194.3h1200v-61z\"\/><\/svg><\/div><\/div><\/div>\n\n<div class=\"gb-container gb-container-2541181e faq-page\"><div class=\"gb-inside-container\">\n\n<h2 class=\"wp-block-heading has-text-align-center\">Vous avez des question? <br><span>Nous avons des r\u00e9ponses.<\/span><\/h2>\n\n\n<div class=\"gb-container gb-container-ed64759e faq-container\" id=\"faq-1\"><div class=\"gb-inside-container\">\n<div class=\"gb-button-wrapper gb-button-wrapper-18b2a2a3 accordion\">\n\n<span class=\"gb-button gb-button-ed0620f1\"><span class=\"gb-button-text\">Quels sont vos produits les plus courants?<\/span><span class=\"gb-icon\"><svg aria-hidden=\"true\" role=\"img\" height=\"1em\" width=\"1em\" viewbox=\"0 0 448 512\" xmlns=\"http:\/\/www.w3.org\/2000\/svg\"><path fill=\"currentColor\" d=\"M416 208H272V64c0-17.67-14.33-32-32-32h-32c-17.67 0-32 14.33-32 32v144H32c-17.67 0-32 14.33-32 32v32c0 17.67 14.33 32 32 32h144v144c0 17.67 14.33 32 32 32h32c17.67 0 32-14.33 32-32V304h144c17.67 0 32-14.33 32-32v-32c0-17.67-14.33-32-32-32z\"><\/path><\/svg><\/span><\/span>\n\n<\/div>\n\n<div class=\"gb-container gb-container-4982218d panel\"><div class=\"gb-inside-container\">\n\n<p>Nous produisons du tube \u00e9tir\u00e9 \u00e0 froid et extrud\u00e9. Nous offrons diff\u00e9rents finis de surface, incluant l'anodisation et la peinture, ainsi que plusieurs services de fabrication.<\/p>\n\n<\/div><\/div>\n<\/div><\/div>\n\n<div class=\"gb-container gb-container-64c132e9 faq-container\" id=\"faq-2\"><div class=\"gb-inside-container\">\n<div class=\"gb-button-wrapper gb-button-wrapper-9cd30687 accordion\">\n\n<span class=\"gb-button gb-button-30c85d60\"><span class=\"gb-button-text\">Qu\u2019est ce que le processus d\u2019\u00e9tirage \u00e0 froid ?<\/span><span class=\"gb-icon\"><svg aria-hidden=\"true\" role=\"img\" height=\"1em\" width=\"1em\" viewbox=\"0 0 448 512\" xmlns=\"http:\/\/www.w3.org\/2000\/svg\"><path fill=\"currentColor\" d=\"M416 208H272V64c0-17.67-14.33-32-32-32h-32c-17.67 0-32 14.33-32 32v144H32c-17.67 0-32 14.33-32 32v32c0 17.67 14.33 32 32 32h144v144c0 17.67 14.33 32 32 32h32c17.67 0 32-14.33 32-32V304h144c17.67 0 32-14.33 32-32v-32c0-17.67-14.33-32-32-32z\"><\/path><\/svg><\/span><\/span>\n\n<\/div>\n\n<div class=\"gb-container gb-container-c3801f06 panel\"><div class=\"gb-inside-container\">\n<div class=\"gb-grid-wrapper gb-grid-wrapper-ed4b0e36\">\n<div class=\"gb-grid-column gb-grid-column-ded375e6\"><div class=\"gb-container gb-container-ded375e6\"><div class=\"gb-inside-container\"><\/div><\/div><\/div>\n\n<div class=\"gb-grid-column gb-grid-column-75fa9628\"><div class=\"gb-container gb-container-75fa9628\"><div class=\"gb-inside-container\">\n\n<p>Le processus d'\u00e9tirement \u00e0 froid d'un tube en aluminium consiste \u00e0 r\u00e9duire le diam\u00e8tre ext\u00e9rieur (DE) et int\u00e9rieur (DI) au moyen d'une matrice et d'un mandrin en employant une force hydraulique ou m\u00e9canique. Lorsque l'aluminium passe dans l'outillage, il subit une d\u00e9formation plastique. <\/p>\n\n<\/div><\/div><\/div>\n<\/div>\n<\/div><\/div>\n<\/div><\/div>\n\n<div class=\"gb-container gb-container-3e57d423 faq-container\" id=\"faq-3\"><div class=\"gb-inside-container\">\n<div class=\"gb-button-wrapper gb-button-wrapper-fad7b9f8 accordion\">\n\n<span class=\"gb-button gb-button-e3541093\"><span class=\"gb-button-text\">Quels sont les avantages du processus d\u2019\u00e9tirage \u00e0 froid de l\u2019aluminium?<\/span><span class=\"gb-icon\"><svg aria-hidden=\"true\" role=\"img\" height=\"1em\" width=\"1em\" viewbox=\"0 0 448 512\" xmlns=\"http:\/\/www.w3.org\/2000\/svg\"><path fill=\"currentColor\" d=\"M416 208H272V64c0-17.67-14.33-32-32-32h-32c-17.67 0-32 14.33-32 32v144H32c-17.67 0-32 14.33-32 32v32c0 17.67 14.33 32 32 32h144v144c0 17.67 14.33 32 32 32h32c17.67 0 32-14.33 32-32V304h144c17.67 0 32-14.33 32-32v-32c0-17.67-14.33-32-32-32z\"><\/path><\/svg><\/span><\/span>\n\n<\/div>\n\n<div class=\"gb-container gb-container-80b4ee35 panel\"><div class=\"gb-inside-container\">\n\n<ul class=\"wp-block-list\">\n<li>Meilleures tol\u00e9rances sur le DE, DI et parroi que sur un tube extrud\u00e9.<\/li>\n\n\n\n<li>La possibilit\u00e9 d'atteindre une parroi plus mince et un DE plus petit que le tube extrud\u00e9.<\/li>\n\n\n\n<li>Meilleur fini de surface<\/li>\n\n\n\n<li>Meilleure concentricit\u00e9<\/li>\n\n\n\n<li>Meilleure performance de pliage et machinage<\/li>\n\n\n\n<li>Meilleures propri\u00e9t\u00e9s de traction<\/li>\n<\/ul>\n\n<\/div><\/div>\n<\/div><\/div>\n\n<div class=\"gb-container gb-container-44d1a4ce faq-container\" id=\"faq-4\"><div class=\"gb-inside-container\">\n<div class=\"gb-button-wrapper gb-button-wrapper-55c027cb accordion\">\n\n<span class=\"gb-button gb-button-78fc49f8\"><span class=\"gb-button-text\">Quelle extrusion travaillez-vous?<\/span><span class=\"gb-icon\"><svg aria-hidden=\"true\" role=\"img\" height=\"1em\" width=\"1em\" viewbox=\"0 0 448 512\" xmlns=\"http:\/\/www.w3.org\/2000\/svg\"><path fill=\"currentColor\" d=\"M416 208H272V64c0-17.67-14.33-32-32-32h-32c-17.67 0-32 14.33-32 32v144H32c-17.67 0-32 14.33-32 32v32c0 17.67 14.33 32 32 32h144v144c0 17.67 14.33 32 32 32h32c17.67 0 32-14.33 32-32V304h144c17.67 0 32-14.33 32-32v-32c0-17.67-14.33-32-32-32z\"><\/path><\/svg><\/span><\/span>\n\n<\/div>\n\n<div class=\"gb-container gb-container-7b3af692 panel\"><div class=\"gb-inside-container\">\n<div class=\"gb-grid-wrapper gb-grid-wrapper-aa927305\">\n<div class=\"gb-grid-column gb-grid-column-931109b3\"><div class=\"gb-container gb-container-931109b3\"><div class=\"gb-inside-container\"><\/div><\/div><\/div>\n\n<div class=\"gb-grid-column gb-grid-column-121e0080\"><div class=\"gb-container gb-container-121e0080\"><div class=\"gb-inside-container\">\n\n<p>Le proc\u00e9d\u00e9 d'extrusion le plus commun est celui de type \"porthole\". L'aluminium est pouss\u00e9 dans une matrice ayant la forme creuse d\u00e9sir\u00e9e. La conception de cet outillage implique une s\u00e9paration du m\u00e9tal \u00e0 la sortie, ce qui n\u00e9cessite une deuxi\u00e8me matrice qui force les sections \u00e0 se recoller, cr\u00e9ant par la fait m\u00eame un joint de soudure invisible. Le deuxi\u00e8me proc\u00e9d\u00e9 d'extrusion est connu sous le nom de \"seamless\". Ce proc\u00e9d\u00e9 permet d'obtenir une forme creuse sans joint de soudure. Cette m\u00e9thode est toutefois moins commune et plus dispendieuse que l'extrusion \"porthole\". <\/p>\n\n<\/div><\/div><\/div>\n<\/div>\n<\/div><\/div>\n<\/div><\/div>\n\n<div class=\"gb-container gb-container-a02ef56b faq-container\" id=\"faq-5\"><div class=\"gb-inside-container\">\n<div class=\"gb-button-wrapper gb-button-wrapper-50eedbf5 accordion\">\n\n<span class=\"gb-button gb-button-2f6a0058\"><span class=\"gb-button-text\">Quels types de formage pouvons-nous effectuer ?<\/span><span class=\"gb-icon\"><svg aria-hidden=\"true\" role=\"img\" height=\"1em\" width=\"1em\" viewbox=\"0 0 448 512\" xmlns=\"http:\/\/www.w3.org\/2000\/svg\"><path fill=\"currentColor\" d=\"M416 208H272V64c0-17.67-14.33-32-32-32h-32c-17.67 0-32 14.33-32 32v144H32c-17.67 0-32 14.33-32 32v32c0 17.67 14.33 32 32 32h144v144c0 17.67 14.33 32 32 32h32c17.67 0 32-14.33 32-32V304h144c17.67 0 32-14.33 32-32v-32c0-17.67-14.33-32-32-32z\"><\/path><\/svg><\/span><\/span>\n\n<\/div>\n\n<div class=\"gb-container gb-container-ad057bba panel\"><div class=\"gb-inside-container\">\n\n<ul class=\"wp-block-list\">\n<li>Coupe<\/li>\n\n\n\n<li>\u00c9bavurage<\/li>\n\n\n\n<li>Chamfreinage<\/li>\n\n\n\n<li>Per\u00e7age<\/li>\n\n\n\n<li>Trouage<\/li>\n\n\n\n<li>Transformation sur les extr\u00e9mit\u00e9s (expension ou r\u00e9duction)<\/li>\n\n\n\n<li>Pliage<\/li>\n\n\n\n<li>Brossage<\/li>\n\n\n\n<li>CNC machining and bending, honing\/skiving\/burnishing\/machining<\/li>\n<\/ul>\n\n<\/div><\/div>\n<\/div><\/div>\n\n<div class=\"gb-container gb-container-78dce79c faq-container\" id=\"faq-6\"><div class=\"gb-inside-container\">\n<div class=\"gb-button-wrapper gb-button-wrapper-bc02dc3a accordion\">\n\n<span class=\"gb-button gb-button-be03a3c2\"><span class=\"gb-button-text\">Quelle longueur maximum pouvez-vous \u00e9tirer ?<\/span><span class=\"gb-icon\"><svg aria-hidden=\"true\" role=\"img\" height=\"1em\" width=\"1em\" viewbox=\"0 0 448 512\" xmlns=\"http:\/\/www.w3.org\/2000\/svg\"><path fill=\"currentColor\" d=\"M416 208H272V64c0-17.67-14.33-32-32-32h-32c-17.67 0-32 14.33-32 32v144H32c-17.67 0-32 14.33-32 32v32c0 17.67 14.33 32 32 32h144v144c0 17.67 14.33 32 32 32h32c17.67 0 32-14.33 32-32V304h144c17.67 0 32-14.33 32-32v-32c0-17.67-14.33-32-32-32z\"><\/path><\/svg><\/span><\/span>\n\n<\/div>\n\n<div class=\"gb-container gb-container-15aec634 panel\"><div class=\"gb-inside-container\">\n\n<p>De 0.5\" \u00e0 33' en fini moulin standard. Les longueurs pour la peinture et l'anodisation peuvent varier<\/p>\n\n<\/div><\/div>\n<\/div><\/div>\n\n<div class=\"gb-container gb-container-f7b0c67f faq-container\" id=\"faq-7\"><div class=\"gb-inside-container\">\n<div class=\"gb-button-wrapper gb-button-wrapper-895cd102 accordion\">\n\n<span class=\"gb-button gb-button-686a954e\"><span class=\"gb-button-text\">Quelle est l\u2019\u00e9paisseur minimum et maximum des parois et diam\u00e8tres ext\u00e9rieurs que nous pouvons atteindre?<\/span><span class=\"gb-icon\"><svg aria-hidden=\"true\" role=\"img\" height=\"1em\" width=\"1em\" viewbox=\"0 0 448 512\" xmlns=\"http:\/\/www.w3.org\/2000\/svg\"><path fill=\"currentColor\" d=\"M416 208H272V64c0-17.67-14.33-32-32-32h-32c-17.67 0-32 14.33-32 32v144H32c-17.67 0-32 14.33-32 32v32c0 17.67 14.33 32 32 32h144v144c0 17.67 14.33 32 32 32h32c17.67 0 32-14.33 32-32V304h144c17.67 0 32-14.33 32-32v-32c0-17.67-14.33-32-32-32z\"><\/path><\/svg><\/span><\/span>\n\n<\/div>\n\n<div class=\"gb-container gb-container-6a5e27ee panel\"><div class=\"gb-inside-container\">\n\n<p>Nous pouvons fournir des tubes aussi petits que 0.188\" en DE et aussi gros que 5.5\" en DE. Les parrois peuvent aller de 0.017\" \u00e0 0.450\". Tous les alliages ne sont pas disponibles dans cette fourchette et les combinaisons DE\/Parroi sont sujettes \u00e0 une soumission.<\/p>\n\n<\/div><\/div>\n<\/div><\/div>\n\n<div class=\"gb-container gb-container-e029098a faq-container\" id=\"faq-8\"><div class=\"gb-inside-container\">\n<div class=\"gb-button-wrapper gb-button-wrapper-1686ddc3 accordion\">\n\n<span class=\"gb-button gb-button-49c9f68c\"><span class=\"gb-button-text\">Avec quels types d\u2019alliage travaillons-nous principalement?<\/span><span class=\"gb-icon\"><svg aria-hidden=\"true\" role=\"img\" height=\"1em\" width=\"1em\" viewbox=\"0 0 448 512\" xmlns=\"http:\/\/www.w3.org\/2000\/svg\"><path fill=\"currentColor\" d=\"M416 208H272V64c0-17.67-14.33-32-32-32h-32c-17.67 0-32 14.33-32 32v144H32c-17.67 0-32 14.33-32 32v32c0 17.67 14.33 32 32 32h144v144c0 17.67 14.33 32 32 32h32c17.67 0 32-14.33 32-32V304h144c17.67 0 32-14.33 32-32v-32c0-17.67-14.33-32-32-32z\"><\/path><\/svg><\/span><\/span>\n\n<\/div>\n\n<div class=\"gb-container gb-container-b3188e87 panel\"><div class=\"gb-inside-container\">\n\n<p>1050, 1060, 1100, 3003, 6005, 6082, 6061, 6063, 6463, 6060<br><br>D'autres alliages peuvent \u00eatre disponibles mais doivent faire l'objet d'une demande.<\/p>\n\n<\/div><\/div>\n<\/div><\/div>\n<\/div><\/div>","protected":false},"excerpt":{"rendered":"<p>Got Questions? We&#8217;ve got answers. We manufacture drawn and extruded aluminum tube and pipe. We offer finishes including anodizing, wet and powder coat painting, and a wide variety of fabrication options From 0.5&#8243; to 33&#8242; in mill finish. Paint and anodized lengths vary. We can supply tubes down to 0.188&#8243; diameter and up to 5.5&#8243; &#8230; <a title=\"FAQ\" class=\"read-more\" href=\"https:\/\/alfiniti.com\/fr\/faq\/\" aria-label=\"Read more about FAQ\">Read more<\/a><\/p>","protected":false},"author":1,"featured_media":2158,"parent":0,"menu_order":1,"comment_status":"closed","ping_status":"closed","template":"","meta":{"_acf_changed":false,"_seopress_robots_primary_cat":"","_seopress_titles_title":"FAQ %%sep%% Alfiniti, Inc., The Aluminum Authority","_seopress_titles_desc":"Commonly asked questions about aluminum tubing and Alfiniti, Inc. Please reach out to us if we haven&#039;t answered your question on this page.","_seopress_robots_index":"","inline_featured_image":false,"footnotes":""},"class_list":["post-45","page","type-page","status-publish","has-post-thumbnail"],"acf":[],"_links":{"self":[{"href":"https:\/\/alfiniti.com\/fr\/wp-json\/wp\/v2\/pages\/45","targetHints":{"allow":["GET"]}}],"collection":[{"href":"https:\/\/alfiniti.com\/fr\/wp-json\/wp\/v2\/pages"}],"about":[{"href":"https:\/\/alfiniti.com\/fr\/wp-json\/wp\/v2\/types\/page"}],"author":[{"embeddable":true,"href":"https:\/\/alfiniti.com\/fr\/wp-json\/wp\/v2\/users\/1"}],"replies":[{"embeddable":true,"href":"https:\/\/alfiniti.com\/fr\/wp-json\/wp\/v2\/comments?post=45"}],"version-history":[{"count":5,"href":"https:\/\/alfiniti.com\/fr\/wp-json\/wp\/v2\/pages\/45\/revisions"}],"predecessor-version":[{"id":5800,"href":"https:\/\/alfiniti.com\/fr\/wp-json\/wp\/v2\/pages\/45\/revisions\/5800"}],"wp:featuredmedia":[{"embeddable":true,"href":"https:\/\/alfiniti.com\/fr\/wp-json\/wp\/v2\/media\/2158"}],"wp:attachment":[{"href":"https:\/\/alfiniti.com\/fr\/wp-json\/wp\/v2\/media?parent=45"}],"curies":[{"name":"wp","href":"https:\/\/api.w.org\/{rel}","templated":true}]}}