{"id":3494,"date":"2023-08-06T11:00:44","date_gmt":"2023-08-06T15:00:44","guid":{"rendered":"https:\/\/alfiniti.com\/?page_id=3494"},"modified":"2025-11-04T07:53:32","modified_gmt":"2025-11-04T12:53:32","slug":"custom-aluminum-tube-bending","status":"publish","type":"page","link":"https:\/\/alfiniti.com\/fr\/custom-aluminum-tube-bending\/","title":{"rendered":"Custom Aluminum Tube Bending"},"content":{"rendered":"<div class=\"gb-container gb-container-404d2f48 inside-hero\"><div class=\"gb-inside-container\">\n<div class=\"gb-grid-wrapper gb-grid-wrapper-4cffa61a\">\n<div class=\"gb-grid-column gb-grid-column-14d9cd31\"><div class=\"gb-container gb-container-14d9cd31\"><div class=\"gb-inside-container\">\n\n<h1 class=\"gb-headline gb-headline-7bca7359 gb-headline-text\">Custom Aluminum Tube Bending<\/h1>\n\n\n\n<h4 class=\"wp-block-heading has-white-color has-text-color translation-block\" id=\"discover-infinite-possibilities\">D\u00e9couvrez des possibilit\u00e9s <span>infinies<\/span><\/h4>\n\n\n\n<p class=\"gb-headline gb-headline-aaee0884 gb-headline-text\">L'aluminium se distingue comme un m\u00e9tal remarquable pour sa polyvalence. Sa capacit\u00e9 inh\u00e9rente \u00e0 \u00eatre fa\u00e7onn\u00e9, particulirement par pliage, est une caract\u00e9ristique cl\u00e9 qui le rend inestimable dans diverses industries. Cependant, la capacit\u00e9 de pliage de l'aluminium n'est pas universelle ; elle d\u00e9pend de l'alliage et du traitement utilis\u00e9.<\/p>\n\n\n\n<p class=\"gb-headline gb-headline-39889935 gb-headline-text\">Choisir le bon alliage et traitement pour le pliage n'est pas une simple d\u00e9cision, c'est un art. En comprenant les nuances de chaque alliage et traitement, les ing\u00e9nieurs de conception peuvent exploiter pleinement le potentiel de l'aluminium dans la conception de produits.<\/p>\n\n\n\n<p class=\"gb-headline gb-headline-a479cd6e gb-headline-text\">Nous sommes fiers de notre capacit\u00e9 \u00e0 comprendre les besoins de nos clients et \u00e0 adapter nos services \u00e0 leurs exigences uniques. Si vous avez des questions sur l'alliage ou le traitement \u00e0 utiliser pour votre application, contactez-nous.<\/p>\n\n\n<div class=\"gb-container gb-container-718f8a64 contact-box-container\"><div class=\"gb-inside-container\">\n<div class=\"gb-grid-wrapper gb-grid-wrapper-5fbb044c\">\n<div class=\"gb-grid-column gb-grid-column-9df871a9\"><div class=\"gb-container gb-container-9df871a9\"><div class=\"gb-inside-container\">\n\n<h5 class=\"gb-headline gb-headline-21511560 gb-headline-text\">Pour toute question, communiquez avec nous<\/h5>\n\n<\/div><\/div><\/div>\n\n<div class=\"gb-grid-column gb-grid-column-c49a8c51\"><div class=\"gb-container gb-container-c49a8c51 custom-nav\"><div class=\"gb-inside-container\">\n<nav class=\"secondary-navigation\"><div class=\"inside-navigation grid-container grid-parent\"><div class=\"main nav\"><ul class=\"secondary-menu sf-menu\"><li id=\"menu-item-1878\" class=\"menu-item menu-item-type-custom menu-item-object-custom menu-item-has-children menu-item-1878\"><a><i class=\"fas fa-phone\"><\/i><\/a>\n<ul class=\"sub-menu\">\n\t<li id=\"menu-item-1879\" class=\"menu-item menu-item-type-custom menu-item-object-custom menu-item-1879\"><a href=\"tel:+12523585811\">U.S. (252) 358-5811<\/a><\/li>\n\t<li id=\"menu-item-1880\" class=\"menu-item menu-item-type-custom menu-item-object-custom menu-item-1880\"><a href=\"tel:+14186962545\">Canada (418) 696-2545<\/a><\/li>\n<\/ul>\n<\/li>\n<li id=\"menu-item-1881\" class=\"menu-item menu-item-type-custom menu-item-object-custom menu-item-1881\"><a href=\"mailto:info@alfiniti.com?Subject=Website%20Inquiry\"><i class=\"fas fa-paper-plane\"><\/i><\/a><\/li>\n<\/ul><\/div><\/div><\/nav>\n\n<\/div><\/div><\/div>\n<\/div>\n<\/div><\/div>\n<\/div><\/div><\/div>\n\n<div class=\"gb-grid-column gb-grid-column-6205fa26\"><div class=\"gb-container gb-container-6205fa26 internal-link-menu\"><div class=\"gb-inside-container\">\n\n<h6 class=\"gb-headline gb-headline-da251b79\"><span class=\"gb-icon\"><svg viewbox=\"0 0 15 15\" fill=\"none\" xmlns=\"http:\/\/www.w3.org\/2000\/svg\" width=\"30\" height=\"30\"><path fill-rule=\"evenodd\" clip-rule=\"evenodd\" d=\"M8.5 4.793L11.207 7.5 8.5 10.207 7.793 9.5l1.5-1.5H4V7h5.293l-1.5-1.5.707-.707z\" fill=\"currentColor\"><\/path><\/svg><\/span><span class=\"gb-headline-text\">Avantages du Pliage de l'Aluminium<\/span><\/h6>\n\n\n\n<h6 class=\"gb-headline gb-headline-dc5b8295\"><span class=\"gb-icon\"><svg viewbox=\"0 0 15 15\" fill=\"none\" xmlns=\"http:\/\/www.w3.org\/2000\/svg\" width=\"30\" height=\"30\"><path fill-rule=\"evenodd\" clip-rule=\"evenodd\" d=\"M8.5 4.793L11.207 7.5 8.5 10.207 7.793 9.5l1.5-1.5H4V7h5.293l-1.5-1.5.707-.707z\" fill=\"currentColor\"><\/path><\/svg><\/span><span class=\"gb-headline-text\"><a href=\"#factors-aluminum-bending\">Facteurs du Pliage de l'Aluminium<\/a><\/span><\/h6>\n\n\n\n<h6 class=\"gb-headline gb-headline-4f8c4a3e\"><span class=\"gb-icon\"><svg viewbox=\"0 0 15 15\" fill=\"none\" xmlns=\"http:\/\/www.w3.org\/2000\/svg\" width=\"30\" height=\"30\"><path fill-rule=\"evenodd\" clip-rule=\"evenodd\" d=\"M8.5 4.793L11.207 7.5 8.5 10.207 7.793 9.5l1.5-1.5H4V7h5.293l-1.5-1.5.707-.707z\" fill=\"currentColor\"><\/path><\/svg><\/span><span class=\"gb-headline-text\"><a href=\"#calculator\">Calculateur de rayon de pliage<\/a><\/span><\/h6>\n\n\n\n<h6 class=\"gb-headline gb-headline-9c5bae94\"><span class=\"gb-icon\"><svg viewbox=\"0 0 15 15\" fill=\"none\" xmlns=\"http:\/\/www.w3.org\/2000\/svg\" width=\"30\" height=\"30\"><path fill-rule=\"evenodd\" clip-rule=\"evenodd\" d=\"M8.5 4.793L11.207 7.5 8.5 10.207 7.793 9.5l1.5-1.5H4V7h5.293l-1.5-1.5.707-.707z\" fill=\"currentColor\"><\/path><\/svg><\/span><span class=\"gb-headline-text\"><a href=\"#best-aluminum-alloys-for-bending\">Meilleurs Alliages pour le Pliage<\/a><\/span><\/h6>\n\n\n\n<h6 class=\"gb-headline gb-headline-705e92c3\"><span class=\"gb-icon\"><svg viewbox=\"0 0 15 15\" fill=\"none\" xmlns=\"http:\/\/www.w3.org\/2000\/svg\" width=\"30\" height=\"30\"><path fill-rule=\"evenodd\" clip-rule=\"evenodd\" d=\"M8.5 4.793L11.207 7.5 8.5 10.207 7.793 9.5l1.5-1.5H4V7h5.293l-1.5-1.5.707-.707z\" fill=\"currentColor\"><\/path><\/svg><\/span><span class=\"gb-headline-text\"><a href=\"#bending-with-tempers\">Pliage avec Traitements<\/a><\/span><\/h6>\n\n<\/div><\/div><\/div>\n<\/div>\n<\/div><div class=\"gb-shapes\"><div class=\"gb-shape gb-shape-1\"><svg xmlns=\"http:\/\/www.w3.org\/2000\/svg\" viewbox=\"0 0 1200 194.3\" preserveaspectratio=\"none\"><path d=\"M1200 133.3l-50 8.9c-50 8.6-150 26.9-250 31.1-100 4.2-200-4.2-300-26.7S400 89.2 300 62.2C200 35.8 100 17.5 50 8.9L0 0v194.3h1200v-61z\"\/><\/svg><\/div><\/div><\/div>\n\n<div class=\"gb-container gb-container-e9e5965e\" id=\"benefits-aluminum-bending\"><div class=\"gb-inside-container\">\n<div class=\"gb-grid-wrapper gb-grid-wrapper-9d700a4a\">\n<div class=\"gb-grid-column gb-grid-column-8cf3e8b6\"><div class=\"gb-container gb-container-8cf3e8b6\"><div class=\"gb-inside-container\">\n\n<h2 class=\"gb-headline gb-headline-cb01bb43 gb-headline-text\">Alfiniti: The Largest Aluminum Tube Bending Manufacturer in North America<\/h2>\n\n\n\n<p>Le pliage de l'aluminium est \u00e0 la fois efficace et \u00e9conomique. <\/p>\n\n\n\n<p><strong>Les avantages comprennent:<\/strong><\/p>\n\n\n\n<ul class=\"wp-block-list\">\n<li><em>Versatilit\u00e9 de Conception:<\/em> Qu\u2019il s\u2019agisse d\u2019une forme g\u00e9om\u00e9trique complexe ou d\u2019une courbe douce, l\u2019aluminium est \u00e0 la hauteur.<\/li>\n\n\n\n<li><em>Fonctionnalit\u00e9s Int\u00e9gr\u00e9es <\/em>L\u2019adaptabilit\u00e9 de l\u2019aluminium garantit qu\u2019il peut r\u00e9pondre \u00e0 diverses fonctions.<\/li>\n\n\n\n<li><em>Appel Visuel<\/em> Les courbures douces ajoutent \u00e0 l\u2019attrait esth\u00e9tique des produits finis.<\/li>\n\n\n\n<li><em>Techniques de Pliage:<\/em>L'aluminium peut \u00eatre pli\u00e9 en utilisant plusieurs m\u00e9thodes, qu'il s'agisse de pliage au rouleau, de pliage \u00e0 la presse, de pliage par \u00e9tirage ou de pliage par \u00e9tirement.<\/li>\n<\/ul>\n\n\n\n<p>Pour obtenir des r\u00e9sultats optimaux, il est crucial d'associer l'alliage et le traitement avec la technique de pliage correcte.<\/p>\n\n<\/div><\/div><\/div>\n\n<div class=\"gb-grid-column gb-grid-column-e371517e\"><div class=\"gb-container gb-container-e371517e round-edged-img\"><div class=\"gb-inside-container\"><\/div><\/div><\/div>\n<\/div>\n<\/div><\/div>\n\n<div class=\"gb-container gb-container-add11c64\" id=\"factors-aluminum-bending\"><div class=\"gb-inside-container\">\n<div class=\"gb-grid-wrapper gb-grid-wrapper-f6e8c122\">\n<div class=\"gb-grid-column gb-grid-column-6007b5fa\"><div class=\"gb-container gb-container-6007b5fa round-edged-img\"><div class=\"gb-inside-container\"><\/div><\/div><\/div>\n\n<div class=\"gb-grid-column gb-grid-column-3325f67d\"><div class=\"gb-container gb-container-3325f67d\"><div class=\"gb-inside-container\">\n\n<h2 class=\"gb-headline gb-headline-42c92a15 gb-headline-text\">From the Alfiniti Aluminum Bending Experts: Important Factors that Determine Aluminum Bendability<\/h2>\n\n\n\n<p class=\"gb-headline gb-headline-1fe740ab gb-headline-text\">Voici les 3 facteurs les plus importants pour d\u00e9cider quel alliage est n\u00e9cessaire pour votre application:<\/p>\n\n\n\n<ul class=\"wp-block-list list-correction has-dkgray-color has-text-color\">\n<li><em>Force vs. Ductilit\u00e9 <\/em>G\u00e9n\u00e9ralement, \u00e0 mesure que la r\u00e9sistance de l\u2019aluminium augmente, son allongement ou sa ductilit\u00e9 diminue, ce qui rend le pliage plus difficile.<\/li>\n\n\n\n<li><em>\u00c9paisseur et Rayon de Pliage<\/em> Lors du pliage, l'aluminium durcit et se renforce. Ainsi, l\u2019\u00e9paisseur du mat\u00e9riau et le rayon de courbure souhait\u00e9 jouent un r\u00f4le central dans le r\u00e9sultat.<\/li>\n\n\n\n<li><em>Pourcentage d'\u00c9longation <\/em>Examinez \u00e0 la fois le pourcentage d\u2019allongement et l\u2019\u00e9cart entre la limite d\u2019\u00e9lasticit\u00e9 et la r\u00e9sistance \u00e0 la traction ultime. Un \u00e9cart plus large signifie une formabilit\u00e9 sup\u00e9rieure.<\/li>\n<\/ul>\n\n<\/div><\/div><\/div>\n<\/div>\n\n<div class=\"gb-container gb-container-eb1bd48b\" id=\"calculator\">\n\n<h2 class=\"gb-headline gb-headline-2c1ecee9 gb-headline-text\">Aluminum Bendability Calculator<\/h2>\n\n\n\n<p>Using this handy tool, you can quickly determine the bendability of alloy &amp; temper by inputting your Outside Diameter and Wall Thickness.<\/p>\n\n\n<form action=\"https:\/\/alfiniti.com\/fr\/wp-json\/ws-form\/v1\/submit\" class=\"wsf-form wsf-form-canvas\" id=\"ws-form-1\" data-id=\"11\" method=\"POST\" data-instance-id=\"1\" data-wsf-style-id=\"1\" data-trp-original-action=\"https:\/\/alfiniti.com\/fr\/wp-json\/ws-form\/v1\/submit\"><input type=\"hidden\" name=\"trp-form-language\" value=\"fr\"\/><\/form>\n<\/div>\n<\/div><\/div>\n\n<div class=\"gb-container gb-container-6dc714b8\" id=\"best-aluminum-alloys-for-bending\"><div class=\"gb-inside-container\">\n<div class=\"gb-container gb-container-2a637b3e\" id=\"right-tubing\"><div class=\"gb-inside-container\">\n<div class=\"gb-container gb-container-ef612a5b\"><div class=\"gb-inside-container\">\n\n<h2 class=\"gb-headline gb-headline-cf758a69 gb-headline-text\">Alliages en Vedette : Superstars du Pliage<\/h2>\n\n<\/div><\/div>\n\n<div class=\"gb-container gb-container-4a758394\"><div class=\"gb-inside-container\">\n\n<p class=\"gb-headline gb-headline-1574a396 gb-headline-text\">La structure granulaire de l'aluminium peut \u00e9galement influencer ses capacit\u00e9s de pliage, mais voici une courte liste des alliages connus pour leur aptitude au pliage.<\/p>\n\n<\/div><\/div>\n\n<div class=\"gb-grid-wrapper gb-grid-wrapper-2b1ca96c cdat-grid\">\n<div class=\"gb-grid-column gb-grid-column-f9fc5f4f\"><div class=\"gb-container gb-container-f9fc5f4f\"><div class=\"gb-inside-container\">\n\n<h3 class=\"gb-headline gb-headline-a7eb1af2 gb-headline-text\">Alliage d'Aluminium 3003<\/h3>\n\n\n\n<p class=\"has-white-color has-text-color\">L'alliage d'aluminium 3003 est un mat\u00e9riau polyvalent, de r\u00e9sistance moyenne, dot\u00e9 d'une excellente r\u00e9sistance \u00e0 la corrosion et d'une excellente formabilit\u00e9, ce qui en fait un choix populaire pour une large gamme d'applications industrielles et commerciales.<\/p>\n\n<\/div><\/div><\/div>\n\n<div class=\"gb-grid-column gb-grid-column-7a986e79\"><div class=\"gb-container gb-container-7a986e79\"><div class=\"gb-inside-container\">\n\n<h3 class=\"gb-headline gb-headline-29aa139c gb-headline-text\">Alliage d'Aluminium 6063<\/h3>\n\n\n\n<p class=\"has-white-color has-text-color\">L'alliage d'aluminium 6063 est un mat\u00e9riau polyvalent connu pour son excellente formabilit\u00e9, sa bonne r\u00e9sistance \u00e0 la corrosion et sa capacit\u00e9 \u00e0 accepter diverses finitions, ce qui en fait un choix privil\u00e9gi\u00e9 pour de nombreuses applications architecturales.<\/p>\n\n<\/div><\/div><\/div>\n\n<div class=\"gb-grid-column gb-grid-column-86544b96\"><div class=\"gb-container gb-container-86544b96\"><div class=\"gb-inside-container\">\n\n<h3 class=\"gb-headline gb-headline-bddefdd3 gb-headline-text\">Alliage d'Aluminium 1100<\/h3>\n\n\n\n<p class=\"has-white-color has-text-color\">L'alliage d'aluminium 1100 est un mat\u00e9riau hautement ductile et r\u00e9sistant \u00e0 la corrosion dot\u00e9 d'excellentes propri\u00e9t\u00e9s thermiques, ce qui le rend adapt\u00e9 \u00e0 une large gamme d'applications, en particulier lorsque la r\u00e9sistance \u00e0 la corrosion et la conductivit\u00e9 thermique sont primordiales.<\/p>\n\n<\/div><\/div><\/div>\n\n<div class=\"gb-grid-column gb-grid-column-d2d7a22e\"><div class=\"gb-container gb-container-d2d7a22e\"><div class=\"gb-inside-container\">\n\n<h3 class=\"gb-headline gb-headline-5897f37d gb-headline-text\">Alliages d'Aluminium 6061 &amp; 6082<\/h3>\n\n\n\n<p class=\"has-white-color has-text-color\">Ces alliages traitables thermiquement pr\u00e9sentent un bon allongement une fois recuit. Cependant, le passage aux \u00e9tats T4 et T6 diminue la capacit\u00e9 de pliage. Envisagez de plier \u00e0 l'\u00e9tat T4 et de passer ensuite \u00e0 l'\u00e9tat T6 par traitement thermique.<\/p>\n\n<\/div><\/div><\/div>\n<\/div>\n<\/div><\/div>\n\n<div class=\"gb-container gb-container-79c2db94\" id=\"bending-with-tempers\"><div class=\"gb-inside-container\">\n<div class=\"gb-container gb-container-491a2933\"><div class=\"gb-inside-container\">\n\n<h3 class=\"gb-headline gb-headline-8d9e5292 gb-headline-text\">Attentes de Traitement : Le R\u00f4le des Traitements dans le Pliage<\/h3>\n\n<\/div><\/div>\n\n<div class=\"gb-grid-wrapper gb-grid-wrapper-625cb8e4\">\n<div class=\"gb-grid-column gb-grid-column-5880873d\"><div class=\"gb-container gb-container-5880873d\"><div class=\"gb-inside-container\">\n\n<p>Le traitement n'est pas juste un terme, il est essentiel pour d\u00e9terminer la capacit\u00e9 de pliage de l'aluminium.<\/p>\n\n\n\n<p>Pour les s\u00e9ries 3xxx et 5xxx non traitables thermiquement, le traitement O est le choix pr\u00e9f\u00e9r\u00e9 pour le pliage.<\/p>\n\n\n\n<p>Les alliages traitables thermiquement comme les s\u00e9ries 6xxx, 7xxx et 2xxx devraient id\u00e9alement \u00eatre pli\u00e9s \u00e0 l'\u00e9tat T4, principalement en raison de leur limite d'\u00e9lasticit\u00e9 r\u00e9duite. Cependant, le vieillissement naturel peut affecter la limite d'\u00e9lasticit\u00e9 au fil du temps, entra\u00eenant des incoh\u00e9rences potentielles en flexion. Pour certaines applications, le T6, plus difficile \u00e0 plier, pourrait \u00eatre un pari plus s\u00fbr.<\/p>\n\n<\/div><\/div><\/div>\n\n<div class=\"gb-grid-column gb-grid-column-d2e47329\"><div class=\"gb-container gb-container-d2e47329\"><div class=\"gb-inside-container\">\n\n<h3 class=\"gb-headline gb-headline-226ec53d gb-headline-text white\">Cas d'Utilisation<\/h3>\n\n\n\n<p class=\"white has-var-dkgray-color has-text-color\">Voici des types courants de conceptions de produits qui partagent ces exigences:<\/p>\n\n\n\n<p><\/p>\n\n\n\n<ul class=\"wp-block-list list-correction white has-dkgray-color has-text-color\">\n<li>D\u00e9ambulateurs<\/li>\n\n\n\n<li>Mains courantes<\/li>\n\n\n\n<li>Tubulures automobiles<\/li>\n\n\n\n<li>Rails d'arc<\/li>\n\n\n\n<li>Meubles d'ext\u00e9rieur<\/li>\n<\/ul>\n\n<\/div><\/div><\/div>\n<\/div>\n\n<div class=\"gb-container gb-container-0fb0a0aa\">\n\n<h3 class=\"gb-headline gb-headline-75fc9673 gb-headline-text\">Appelez-nous d\u00e8s aujourd'hui pour discuter du meilleur alliage et du meilleur revenu pour votre application.<\/h3>\n\n\n\n<p><\/p>\n\n<\/div>\n<\/div><\/div>\n<\/div><\/div>","protected":false},"excerpt":{"rendered":"<p>Alfiniti offre un vaste assortiment de produits en aluminium pour de nombreuses industries. Nous sommes les chefs de file de l\u2019industrie des tubes \u00e9tir\u00e9s \u00e0 froid, mais nous proposons \u00e9galement d\u2019autres types de produits en aluminium.<\/p>","protected":false},"author":1,"featured_media":592,"parent":0,"menu_order":0,"comment_status":"closed","ping_status":"closed","template":"","meta":{"_acf_changed":false,"_seopress_robots_primary_cat":"","_seopress_titles_title":"Custom Aluminum Tube Bending \u2014 Alfiniti, Inc: Your Source for Aluminum Tube","_seopress_titles_desc":"For a perfect bend to match your specs, Alfiniti has an extensive library of tooling and machinery and decades of experience.","_seopress_robots_index":"","inline_featured_image":false,"footnotes":""},"class_list":["post-3494","page","type-page","status-publish","has-post-thumbnail"],"acf":[],"_links":{"self":[{"href":"https:\/\/alfiniti.com\/fr\/wp-json\/wp\/v2\/pages\/3494","targetHints":{"allow":["GET"]}}],"collection":[{"href":"https:\/\/alfiniti.com\/fr\/wp-json\/wp\/v2\/pages"}],"about":[{"href":"https:\/\/alfiniti.com\/fr\/wp-json\/wp\/v2\/types\/page"}],"author":[{"embeddable":true,"href":"https:\/\/alfiniti.com\/fr\/wp-json\/wp\/v2\/users\/1"}],"replies":[{"embeddable":true,"href":"https:\/\/alfiniti.com\/fr\/wp-json\/wp\/v2\/comments?post=3494"}],"version-history":[{"count":9,"href":"https:\/\/alfiniti.com\/fr\/wp-json\/wp\/v2\/pages\/3494\/revisions"}],"predecessor-version":[{"id":6585,"href":"https:\/\/alfiniti.com\/fr\/wp-json\/wp\/v2\/pages\/3494\/revisions\/6585"}],"wp:featuredmedia":[{"embeddable":true,"href":"https:\/\/alfiniti.com\/fr\/wp-json\/wp\/v2\/media\/592"}],"wp:attachment":[{"href":"https:\/\/alfiniti.com\/fr\/wp-json\/wp\/v2\/media?parent=3494"}],"curies":[{"name":"wp","href":"https:\/\/api.w.org\/{rel}","templated":true}]}}