{"id":1976,"date":"2022-06-15T11:23:48","date_gmt":"2022-06-15T15:23:48","guid":{"rendered":"https:\/\/alfiniti.com\/?page_id=1976"},"modified":"2024-02-22T07:15:05","modified_gmt":"2024-02-22T12:15:05","slug":"careers","status":"publish","type":"page","link":"https:\/\/alfiniti.com\/fr\/careers\/","title":{"rendered":"Carri\u00e8res"},"content":{"rendered":"<div class=\"gb-container gb-container-404d2f48 inside-hero\"><div class=\"gb-inside-container\">\n<div class=\"gb-grid-wrapper gb-grid-wrapper-4cffa61a\">\n<div class=\"gb-grid-column gb-grid-column-14d9cd31\"><div class=\"gb-container gb-container-14d9cd31\"><div class=\"gb-inside-container\">\n\n<h1 class=\"gb-headline gb-headline-7bca7359 gb-headline-text\">Carri\u00e8res<\/h1>\n\n\n\n<h4 class=\"wp-block-heading has-white-color has-text-color translation-block\" id=\"discover-infinite-innovation\">D\u00e9couvrez des opportunit\u00e9s <span>infinies<\/span><\/h4>\n\n\n\n<p class=\"has-white-color has-text-color\">Chez Alfiniti, nous travaillons \u00e0 cr\u00e9er une culture qui accueille les nouvelles id\u00e9es. Nos valeurs d\u2019entreprise sont le respect, le plaisir et l\u2019efficacit\u00e9. <\/p>\n\n\n\n<p class=\"do_not_translate_css_class has-white-color has-text-color\">Le travail d\u2019\u00e9quipe joue un r\u00f4le majeur dans le succ\u00e8s de l\u2019entreprise. Chaque membre de l\u2019\u00e9quipe m\u00e9rite d\u2019\u00eatre entendu! <\/p>\n\n\n\n<p class=\"has-white-color has-text-color\">Dans notre entreprise, vous aurez l\u2019occasion de participer, avec vos coll\u00e8gues de travail, \u00e0 la fabrication de diff\u00e9rents types de produits uniques en aluminium.<\/p>\n\n\n\n<p class=\"has-white-color has-text-color\">Nous sommes toujours \u00e0 la recherche de candidats motiv\u00e9s pour se joindre \u00e0 notre \u00e9quipe. L'\u00e9galit\u00e9 en emploi pour les femmes, les autochtones, les minorit\u00e9s visibles, les minorit\u00e9s ethniques et les personnes handicap\u00e9es fait partie de nos valeurs. <\/p>\n\n\n\n<p class=\"has-white-color has-text-color\">Si vous vous reconnaissez dans cette description, visitez les sites d\u2019emploi ci-bas afin de voir les postes disponibles!<\/p>\n\n\n<div class=\"gb-container gb-container-718f8a64 contact-box-container\"><div class=\"gb-inside-container\">\n<div class=\"gb-grid-wrapper gb-grid-wrapper-5fbb044c\">\n<div class=\"gb-grid-column gb-grid-column-9df871a9\"><div class=\"gb-container gb-container-9df871a9\"><div class=\"gb-inside-container\">\n\n<h5 class=\"gb-headline gb-headline-21511560 gb-headline-text\">Pour toute question, communiquez avec nous<\/h5>\n\n<\/div><\/div><\/div>\n\n<div class=\"gb-grid-column gb-grid-column-c49a8c51\"><div class=\"gb-container gb-container-c49a8c51 custom-nav\"><div class=\"gb-inside-container\">\n<nav class=\"secondary-navigation\"><div class=\"inside-navigation grid-container grid-parent\"><div class=\"main nav\"><ul class=\"secondary-menu sf-menu\"><li id=\"menu-item-1878\" class=\"menu-item menu-item-type-custom menu-item-object-custom menu-item-has-children menu-item-1878\"><a><i class=\"fas fa-phone\"><\/i><\/a>\n<ul class=\"sub-menu\">\n\t<li id=\"menu-item-1879\" class=\"menu-item menu-item-type-custom menu-item-object-custom menu-item-1879\"><a href=\"tel:+12523585811\">U.S. (252) 358-5811<\/a><\/li>\n\t<li id=\"menu-item-1880\" class=\"menu-item menu-item-type-custom menu-item-object-custom menu-item-1880\"><a href=\"tel:+14186962545\">Canada (418) 696-2545<\/a><\/li>\n<\/ul>\n<\/li>\n<li id=\"menu-item-1881\" class=\"menu-item menu-item-type-custom menu-item-object-custom menu-item-1881\"><a href=\"mailto:info@alfiniti.com?Subject=Website%20Inquiry\"><i class=\"fas fa-paper-plane\"><\/i><\/a><\/li>\n<\/ul><\/div><\/div><\/nav>\n\n<\/div><\/div><\/div>\n<\/div>\n<\/div><\/div>\n<\/div><\/div><\/div>\n\n<div class=\"gb-grid-column gb-grid-column-6205fa26\"><div class=\"gb-container gb-container-6205fa26 internal-link-menu\"><div class=\"gb-inside-container\">\n\n<h6 class=\"gb-headline gb-headline-da251b79\"><span class=\"gb-icon\"><svg viewbox=\"0 0 15 15\" fill=\"none\" xmlns=\"http:\/\/www.w3.org\/2000\/svg\" width=\"30\" height=\"30\"><path fill-rule=\"evenodd\" clip-rule=\"evenodd\" d=\"M8.5 4.793L11.207 7.5 8.5 10.207 7.793 9.5l1.5-1.5H4V7h5.293l-1.5-1.5.707-.707z\" fill=\"currentColor\"><\/path><\/svg><\/span><span class=\"gb-headline-text\"><a href=\"#tab-us\">Emplois aux \u00c9tats-Unis<\/a><\/span><\/h6>\n\n\n\n<h6 class=\"gb-headline gb-headline-dc5b8295\"><span class=\"gb-icon\"><svg viewbox=\"0 0 15 15\" fill=\"none\" xmlns=\"http:\/\/www.w3.org\/2000\/svg\" width=\"30\" height=\"30\"><path fill-rule=\"evenodd\" clip-rule=\"evenodd\" d=\"M8.5 4.793L11.207 7.5 8.5 10.207 7.793 9.5l1.5-1.5H4V7h5.293l-1.5-1.5.707-.707z\" fill=\"currentColor\"><\/path><\/svg><\/span><span class=\"gb-headline-text\"><a href=\"#tab-canada\">Emplois au Canada<\/a><\/span><\/h6>\n\n\n\n<h6 class=\"gb-headline gb-headline-e7967407\"><span class=\"gb-icon\"><svg viewbox=\"0 0 15 15\" fill=\"none\" xmlns=\"http:\/\/www.w3.org\/2000\/svg\" width=\"30\" height=\"30\"><path fill-rule=\"evenodd\" clip-rule=\"evenodd\" d=\"M8.5 4.793L11.207 7.5 8.5 10.207 7.793 9.5l1.5-1.5H4V7h5.293l-1.5-1.5.707-.707z\" fill=\"currentColor\"><\/path><\/svg><\/span><span class=\"gb-headline-text\"><a href=\"#401k\">401K Info<\/a><\/span><\/h6>\n\n<\/div><\/div><\/div>\n<\/div>\n<\/div><div class=\"gb-shapes\"><div class=\"gb-shape gb-shape-1\"><svg xmlns=\"http:\/\/www.w3.org\/2000\/svg\" viewbox=\"0 0 1200 194.3\" preserveaspectratio=\"none\"><path d=\"M1200 133.3l-50 8.9c-50 8.6-150 26.9-250 31.1-100 4.2-200-4.2-300-26.7S400 89.2 300 62.2C200 35.8 100 17.5 50 8.9L0 0v194.3h1200v-61z\"\/><\/svg><\/div><\/div><\/div>\n\n<div class=\"gb-container gb-container-97f126b8 locations-container\"><div class=\"gb-inside-container\">\n<div class=\"gb-container gb-container-978d3a50\"><div class=\"gb-inside-container\">\n\n<h2 class=\"gb-headline gb-headline-fbdc2ad8 gb-headline-text\" id=\"locations\">Postuler pour des emplois aux \u00c9tats-Unis ou au Canada<\/h2>\n\n\n\n<p class=\"gb-headline gb-headline-86bc392d\"><span class=\"gb-icon\"><svg viewbox=\"0 0 36.7 3\" xmlns=\"http:\/\/www.w3.org\/2000\/svg\"><path d=\"M0 0h36.7v3H0z\"><\/path><\/svg><\/span><span class=\"gb-headline-text\">Nous avons \u00e0 c\u0153ur le maintien d\u2019un environnement de travail sain et appr\u00e9ciable. <br>Le respect et l\u2019efficacit\u00e9 sont les valeurs cl\u00e9s de notre entreprise.<\/span><\/p>\n\n<\/div><\/div>\n\n<style>.kt-tabs-id1976_05c8db-de > .kt-tabs-content-wrap > .wp-block-kadence-tab{border-top:3px solid var(u002du002dblue);border-right:0px solid var(u002du002dblue);border-bottom:0px solid var(u002du002dblue);border-left:0px solid var(u002du002dblue);border-top-left-radius:0px;border-top-right-radius:0px;border-bottom-right-radius:0px;border-bottom-left-radius:0px;padding-top:20px;padding-right:20px;padding-bottom:20px;padding-left:20px;background:#ffffff;}.wp-block-kadence-tabs .kt-tabs-id1976_05c8db-de > .kt-tabs-title-list li{margin-top:40px;margin-right:8px;margin-bottom:0px;margin-left:0px;}.wp-block-kadence-tabs .kt-tabs-id1976_05c8db-de > .kt-tabs-title-list li:last-child{margin-right:0px;}.wp-block-kadence-tabs .kt-tabs-id1976_05c8db-de > .kt-tabs-title-list li .kt-tab-title, .wp-block-kadence-tabs .kt-tabs-id1976_05c8db-de > .kt-tabs-content-wrap > .kt-tabs-accordion-title .kt-tab-title{line-height:1.4em;font-weight:regular;font-style:normal;border-top-width:0px;border-right-width:0px;border-bottom-width:0px;border-left-width:0px;border-top-left-radius:4px;border-top-right-radius:4px;border-bottom-right-radius:0px;border-bottom-left-radius:0px;padding-top:8px;padding-right:20px;padding-bottom:8px;padding-left:20px;border-color:#eeeeee;color:var(--text);background:#eeeeee;}.wp-block-kadence-tabs .kt-tabs-id1976_05c8db-de > .kt-tabs-content-wrap > .kt-tabs-accordion-title .kt-tab-title{margin-top:40px;margin-right:8px;margin-bottom:0px;margin-left:0px;}.wp-block-kadence-tabs .kt-tabs-id1976_05c8db-de > .kt-tabs-title-list li .kt-tab-title:hover, .wp-block-kadence-tabs .kt-tabs-id1976_05c8db-de > .kt-tabs-content-wrap > .kt-tabs-accordion-title .kt-tab-title:hover{border-color:#eeeeee;color:var(--black);background:#e2e2e2;}.wp-block-kadence-tabs .kt-tabs-id1976_05c8db-de > .kt-tabs-title-list li.kt-tab-title-active .kt-tab-title, .wp-block-kadence-tabs .kt-tabs-id1976_05c8db-de > .kt-tabs-content-wrap > .kt-tabs-accordion-title.kt-tab-title-active .kt-tab-title{border-color:#eeeeee;color:var(--blue);background:var(u002du002dblue);}@media all and (max-width: 1024px){.kt-tabs-id1976_05c8db-de > .kt-tabs-content-wrap > .wp-block-kadence-tab{border-top:3px solid var(u002du002dblue);border-right:0px solid var(u002du002dblue);border-bottom:0px solid var(u002du002dblue);border-left:0px solid var(u002du002dblue);}}@media all and (max-width: 767px){.kt-tabs-id1976_05c8db-de > .kt-tabs-content-wrap > .wp-block-kadence-tab{border-top:3px solid var(u002du002dblue);border-right:0px solid var(u002du002dblue);border-bottom:0px solid var(u002du002dblue);border-left:0px solid var(u002du002dblue);}}<\/style>\n<div class=\"wp-block-kadence-tabs alignnone\"><div class=\"kt-tabs-wrap kt-tabs-id1976_05c8db-de kt-tabs-has-2-tabs kt-active-tab-1 kt-tabs-layout-tabs kt-tabs-tablet-layout-inherit kt-tabs-mobile-layout-inherit kt-tab-alignment-left\"><ul class=\"kt-tabs-title-list\"><li id=\"tab-us\" class=\"kt-title-item kt-title-item-1 kt-tabs-svg-show-always kt-tabs-icon-side-right kt-tab-title-active\"><a href=\"#tab-us\" data-tab=\"1\" class=\"kt-tab-title kt-tab-title-1\"><span class=\"kt-title-text\">U.S.<\/span><\/a><\/li><li id=\"tab-canada\" class=\"kt-title-item kt-title-item-2 kt-tabs-svg-show-always kt-tabs-icon-side-right kt-tab-title-inactive\"><a href=\"#tab-canada\" data-tab=\"2\" class=\"kt-tab-title kt-tab-title-2\"><span class=\"kt-title-text\">Canada<\/span><\/a><\/li><\/ul><div class=\"kt-tabs-content-wrap\">\n<div class=\"wp-block-kadence-tab kt-tab-inner-content kt-inner-tab-1 kt-inner-tab_0d4ee9-85\"><div class=\"kt-tab-inner-content-inner\">\n<div class=\"wp-block-columns is-layout-flex wp-container-core-columns-is-layout-9d6595d7 wp-block-columns-is-layout-flex\">\n<div class=\"wp-block-column is-layout-flow wp-block-column-is-layout-flow\">\n<p class=\" translation-block\">Nos op\u00e9rations aux \u00c9tats-Unis sont bas\u00e9es \u00e0 Winton, en Caroline du Nord. Pour consulter la liste compl\u00e8te des emplois disponibles et postuler pour travailler avec nous aux \u00c9tats-Unis, rendez-vous sur <a href=\"https:\/\/www.indeed.com\/cmp\/Alfiniti-Inc\/jobs\" target=\"_blank\">Indeed.com.<\/a><\/p>\n\n\n\n<p><strong>Nombre d\u2019employ\u00e9s :<\/strong> 100<br><strong>Adresse : <\/strong>600 N. Metcalf St.<br>Winton, NC 27986<br><strong>T\u00e9l\u00e9phone : <\/strong>(252) 358-5811<\/p>\n<\/div>\n\n\n\n<div class=\"wp-block-column is-layout-flow wp-block-column-is-layout-flow\"><div class=\"wp-block-image tabs-rt-img\">\n<figure class=\"aligncenter size-full is-resized\"><a href=\"https:\/\/www.indeed.com\/cmp\/Alfiniti-Inc\/jobs\" target=\"_blank\" rel=\"noreferrer noopener\"><img decoding=\"async\" width=\"500\" height=\"130\" src=\"https:\/\/alfiniti.com\/wp-content\/uploads\/2022\/06\/Indeed_logo.jpg\" alt=\"\" class=\"wp-image-1985\" style=\"width:300px\" srcset=\"https:\/\/alfiniti.com\/wp-content\/uploads\/2022\/06\/Indeed_logo.jpg 500w, https:\/\/alfiniti.com\/wp-content\/uploads\/2022\/06\/Indeed_logo-300x78.jpg 300w, https:\/\/alfiniti.com\/wp-content\/uploads\/2022\/06\/Indeed_logo-18x5.jpg 18w\" sizes=\"(max-width: 500px) 100vw, 500px\" \/><\/a><\/figure><\/div><\/div>\n<\/div>\n\n\n\n<div class=\"wp-block-columns is-layout-flex wp-container-core-columns-is-layout-9d6595d7 wp-block-columns-is-layout-flex\">\n<div class=\"wp-block-column is-layout-flow wp-block-column-is-layout-flow\" style=\"flex-basis:100%\">\n<hr class=\"wp-block-separator has-alpha-channel-opacity\"\/>\n\n\n\n<div class=\"wp-block-columns is-layout-flex wp-container-core-columns-is-layout-9d6595d7 wp-block-columns-is-layout-flex\">\n<div class=\"wp-block-column is-layout-flow wp-block-column-is-layout-flow\">\n<h4 class=\"gb-headline gb-headline-a874873a gb-headline-text\">Health Insurance Information<\/h4>\n\n\n\n<p>For more information, visit this link: <a href=\"https:\/\/www.bluecrossnc.com\/about-us\/policies-and-best-practices\/transparency-coverage-mrf\" target=\"_blank\" rel=\"noreferrer noopener\">https:\/\/www.bluecrossnc.com\/about-us\/policies-and-best-practices\/transparency-coverage-mrf <\/a><\/p>\n\n\n\n<blockquote class=\"wp-block-quote is-layout-flow wp-block-quote-is-layout-flow\" style=\"font-size:14px\">\n<p><strong>Note:<\/strong> The link above leads to the machine-readable files that are made available in response to the federal Transparency in Coverage Rule and includes negotiated service rates and out-of-network allowed amounts between health plans and healthcare providers. The machine readable files are formatted to allow researchers, regulators, and application developers to more easily access and analyze data.<\/p>\n<\/blockquote>\n<\/div>\n<\/div>\n<\/div>\n<\/div>\n<\/div><\/div>\n\n\n\n<div class=\"wp-block-kadence-tab kt-tab-inner-content kt-inner-tab-2 kt-inner-tab_d1f5fc-3d\"><div class=\"kt-tab-inner-content-inner\">\n<div class=\"wp-block-columns is-layout-flex wp-container-core-columns-is-layout-9d6595d7 wp-block-columns-is-layout-flex\">\n<div class=\"wp-block-column is-layout-flow wp-block-column-is-layout-flow\">\n<p class=\" translation-block\">Nos op\u00e9rations canadiennes sont bas\u00e9es \u00e0 Chicoutimi, au Qu\u00e9bec. Pour voir la liste compl\u00e8te des emplois disponibles et postuler pour travailler avec nous au Canada, visitez-nous sur <a href=\"https:\/\/emplois.ca.indeed.com\/cmp\/Spectube-Inc\/jobs\" target=\"_blank\" rel=\"noreferrer noopener\">Indeed.com<\/a> ou <a href=\"https:\/\/www.jobillico.com\/voir-entreprise\/alfiniti\" data-type=\"URL\" data-id=\"https:\/\/www.jobillico.com\/voir-entreprise\/alfiniti\" target=\"_blank\" rel=\"noreferrer noopener\">Job!llico.com<\/a>.<\/p>\n\n\n\n<p><strong>Nombre d\u2019employ\u00e9s :<\/strong> 25<br><strong>Adresse : <\/strong>1152 Rue de la Manic<br>Chicoutimi, QC G7K 1A2<br>Canada<br><strong>T\u00e9l\u00e9phone : <\/strong>(418) 696-2545 <\/p>\n<\/div>\n\n\n\n<div class=\"wp-block-column is-layout-flow wp-block-column-is-layout-flow\"><div class=\"wp-block-image tabs-rt-img\">\n<figure class=\"aligncenter size-full is-resized\"><a href=\"https:\/\/emplois.ca.indeed.com\/cmp\/Spectube-Inc\/jobs\" target=\"_blank\" rel=\"noreferrer noopener\"><img decoding=\"async\" width=\"500\" height=\"130\" src=\"https:\/\/alfiniti.com\/wp-content\/uploads\/2022\/06\/Indeed_logo.jpg\" alt=\"Indeed.com Logo\" class=\"wp-image-1985\" style=\"width:300px\" srcset=\"https:\/\/alfiniti.com\/wp-content\/uploads\/2022\/06\/Indeed_logo.jpg 500w, https:\/\/alfiniti.com\/wp-content\/uploads\/2022\/06\/Indeed_logo-300x78.jpg 300w, https:\/\/alfiniti.com\/wp-content\/uploads\/2022\/06\/Indeed_logo-18x5.jpg 18w\" sizes=\"(max-width: 500px) 100vw, 500px\" \/><\/a><\/figure><\/div>\n\n<div class=\"wp-block-image tabs-rt-img\">\n<figure class=\"aligncenter size-full is-resized\"><a href=\"https:\/\/www.jobillico.com\/voir-entreprise\/alfiniti\" target=\"_blank\" rel=\"noreferrer noopener\"><img decoding=\"async\" width=\"500\" height=\"149\" src=\"https:\/\/alfiniti.com\/wp-content\/uploads\/2022\/06\/Jobillico_Logo.jpg\" alt=\"Jobillico Logo\" class=\"wp-image-1986\" style=\"width:300px\" srcset=\"https:\/\/alfiniti.com\/wp-content\/uploads\/2022\/06\/Jobillico_Logo.jpg 500w, https:\/\/alfiniti.com\/wp-content\/uploads\/2022\/06\/Jobillico_Logo-300x89.jpg 300w, https:\/\/alfiniti.com\/wp-content\/uploads\/2022\/06\/Jobillico_Logo-18x5.jpg 18w\" sizes=\"(max-width: 500px) 100vw, 500px\" \/><\/a><\/figure><\/div><\/div>\n<\/div>\n<\/div><\/div>\n<\/div><\/div><\/div>\n\n<\/div><\/div>\n\n<div class=\"gb-container gb-container-7b712637 locations-container\" id=\"401k\"><div class=\"gb-inside-container\">\n\n<hr class=\"wp-block-separator has-text-color has-blue-color has-css-opacity has-blue-background-color has-background is-style-default hide\"\/>\n\n\n<div class=\"gb-container gb-container-b602199a\"><div class=\"gb-inside-container\">\n\n<h2 class=\"gb-headline gb-headline-9d761ed0 gb-headline-text\" id=\"locations\">401K Information<\/h2>\n\n\n\n<p class=\"gb-headline gb-headline-12534f59\"><span class=\"gb-icon\"><svg viewbox=\"0 0 36.7 3\" xmlns=\"http:\/\/www.w3.org\/2000\/svg\"><path d=\"M0 0h36.7v3H0z\"><\/path><\/svg><\/span><span class=\"gb-headline-text\">Fisher Investments&#8217; Market Update<\/span><\/p>\n\n\n\n<p class=\"has-text-align-center\">We will be updating this information soon. Please visit us again or call for more info.<\/p>\n\n<\/div><\/div>\n<\/div><\/div>\n\n<div class=\"gb-container gb-container-6909aede\" id=\"credentials\"><div class=\"gb-inside-container\">\n\n<h6 class=\"gb-headline gb-headline-3224b28d gb-headline-text\">\u2014 <em><strong>Fier membre de<\/strong><\/em> \u2014<\/h6>\n\n\n\n<div class=\"wp-block-columns assoc-logos-container is-layout-flex wp-container-core-columns-is-layout-9d6595d7 wp-block-columns-is-layout-flex\">\n<div class=\"wp-block-column is-layout-flow wp-block-column-is-layout-flow\">\n<figure class=\"wp-block-image size-full assoc-logos\"><img decoding=\"async\" width=\"862\" height=\"199\" src=\"https:\/\/alfiniti.com\/wp-content\/uploads\/2021\/08\/aec-logo-web.png\" alt=\"AEC logo\" class=\"wp-image-320\" srcset=\"https:\/\/alfiniti.com\/wp-content\/uploads\/2021\/08\/aec-logo-web.png 862w, https:\/\/alfiniti.com\/wp-content\/uploads\/2021\/08\/aec-logo-web-300x69.png 300w, https:\/\/alfiniti.com\/wp-content\/uploads\/2021\/08\/aec-logo-web-768x177.png 768w\" sizes=\"(max-width: 862px) 100vw, 862px\" \/><\/figure>\n<\/div>\n\n\n\n<div class=\"wp-block-column is-layout-flow wp-block-column-is-layout-flow\">\n<figure class=\"wp-block-image size-full assoc-logos\"><img decoding=\"async\" width=\"335\" height=\"335\" src=\"https:\/\/alfiniti.com\/wp-content\/uploads\/2021\/08\/logo-IATF-web.png\" alt=\"IATF Logo\" class=\"wp-image-319\" srcset=\"https:\/\/alfiniti.com\/wp-content\/uploads\/2021\/08\/logo-IATF-web.png 335w, https:\/\/alfiniti.com\/wp-content\/uploads\/2021\/08\/logo-IATF-web-300x300.png 300w, https:\/\/alfiniti.com\/wp-content\/uploads\/2021\/08\/logo-IATF-web-150x150.png 150w\" sizes=\"(max-width: 335px) 100vw, 335px\" \/><\/figure>\n<\/div>\n\n\n\n<div class=\"wp-block-column is-layout-flow wp-block-column-is-layout-flow\"><div class=\"wp-block-image assoc-logos\">\n<figure class=\"aligncenter size-full\"><img decoding=\"async\" width=\"239\" height=\"238\" src=\"https:\/\/alfiniti.com\/wp-content\/uploads\/2022\/02\/AAC-logo-e1645535268580.png\" alt=\"Aluminum Anodizing Logo\" class=\"wp-image-990\" srcset=\"https:\/\/alfiniti.com\/wp-content\/uploads\/2022\/02\/AAC-logo-e1645535268580.png 239w, https:\/\/alfiniti.com\/wp-content\/uploads\/2022\/02\/AAC-logo-e1645535268580-150x150.png 150w\" sizes=\"(max-width: 239px) 100vw, 239px\" \/><\/figure><\/div><\/div>\n\n\n\n<div class=\"wp-block-column is-layout-flow wp-block-column-is-layout-flow\"><div class=\"wp-block-image assoc-logos\">\n<figure class=\"aligncenter size-full\"><img decoding=\"async\" width=\"350\" height=\"56\" src=\"https:\/\/alfiniti.com\/wp-content\/uploads\/2022\/04\/NC-Chamber.png\" alt=\"NC Chamber of Commerce Logo\" class=\"wp-image-1393\" srcset=\"https:\/\/alfiniti.com\/wp-content\/uploads\/2022\/04\/NC-Chamber.png 350w, https:\/\/alfiniti.com\/wp-content\/uploads\/2022\/04\/NC-Chamber-300x48.png 300w\" sizes=\"(max-width: 350px) 100vw, 350px\" \/><\/figure><\/div><\/div>\n<\/div>\n\n<\/div><div class=\"gb-shapes\"><div class=\"gb-shape gb-shape-1\"><svg xmlns=\"http:\/\/www.w3.org\/2000\/svg\" viewbox=\"0 0 1200 50\" preserveaspectratio=\"none\"><path d=\"M1200 0v50H0V0h560l40 30 40-30z\"\/><\/svg><\/div><\/div><\/div>","protected":false},"excerpt":{"rendered":"<p>At Alfiniti, we believe in innovation without boundaries and we are always ready to use new knowledge, technologies and production techniques that create a competitive advantage for our business partners.<\/p>","protected":false},"author":1,"featured_media":2007,"parent":0,"menu_order":2,"comment_status":"closed","ping_status":"closed","template":"","meta":{"_acf_changed":false,"_seopress_robots_primary_cat":"","_seopress_titles_title":"Employment Opportunities at Alfiniti, Inc. %%sep%% Alfiniti, Inc. \u2014 The Aluminum Authority","_seopress_titles_desc":"Learn about the benefits of working for Alfiniti, Inc. and join our team. This page has all the details you&#039;ll need.","_seopress_robots_index":"","inline_featured_image":false,"footnotes":""},"class_list":["post-1976","page","type-page","status-publish","has-post-thumbnail"],"acf":[],"_links":{"self":[{"href":"https:\/\/alfiniti.com\/fr\/wp-json\/wp\/v2\/pages\/1976","targetHints":{"allow":["GET"]}}],"collection":[{"href":"https:\/\/alfiniti.com\/fr\/wp-json\/wp\/v2\/pages"}],"about":[{"href":"https:\/\/alfiniti.com\/fr\/wp-json\/wp\/v2\/types\/page"}],"author":[{"embeddable":true,"href":"https:\/\/alfiniti.com\/fr\/wp-json\/wp\/v2\/users\/1"}],"replies":[{"embeddable":true,"href":"https:\/\/alfiniti.com\/fr\/wp-json\/wp\/v2\/comments?post=1976"}],"version-history":[{"count":5,"href":"https:\/\/alfiniti.com\/fr\/wp-json\/wp\/v2\/pages\/1976\/revisions"}],"predecessor-version":[{"id":4917,"href":"https:\/\/alfiniti.com\/fr\/wp-json\/wp\/v2\/pages\/1976\/revisions\/4917"}],"wp:featuredmedia":[{"embeddable":true,"href":"https:\/\/alfiniti.com\/fr\/wp-json\/wp\/v2\/media\/2007"}],"wp:attachment":[{"href":"https:\/\/alfiniti.com\/fr\/wp-json\/wp\/v2\/media?parent=1976"}],"curies":[{"name":"wp","href":"https:\/\/api.w.org\/{rel}","templated":true}]}}